{"id":13,"date":"2019-11-16T16:00:45","date_gmt":"2019-11-16T16:00:45","guid":{"rendered":"http:\/\/aiie.valahia.ro\/?page_id=13"},"modified":"2019-11-23T19:10:44","modified_gmt":"2019-11-23T17:10:44","slug":"acasa","status":"publish","type":"page","link":"https:\/\/aiie.valahia.ro\/","title":{"rendered":"Acas\u0103"},"content":{"rendered":"\n<p>Departamentul de Automatic\u0103, Informatic\u0103 \u0219i Inginerie Electric\u0103 (DAIIE) este un departament didactic \u00een cadrul <a rel=\"noreferrer noopener\" aria-label=\"Facult\u0103\u021bii de Inginerie Electric\u0103, Electronic\u0103 \u0219i Tehnologia Informa\u021biei (FIEETI) (se deschide \u00eentr-o fil\u0103 nou\u0103)\" href=\"http:\/\/fie.valahia.ro\" target=\"_blank\">Facult\u0103\u021bii de Inginerie Electric\u0103, Electronic\u0103 \u0219i Tehnologia Informa\u021biei (FIEETI)<\/a>, <a href=\"https:\/\/www.valahia.ro\" target=\"_blank\" rel=\"noreferrer noopener\" aria-label=\"Universitatea Valahia din T\u00e2rgovi\u0219te (UVT) (se deschide \u00eentr-o fil\u0103 nou\u0103)\">Universitatea Valahia din T\u00e2rgovi\u0219te (UVT)<\/a> \u0219i are ca rol principal  gestionarea programelor de studii din cadrul a dou\u0103 domenii de \u0218tiin\u021be Inginere\u0219ti: <em>Ingineria Sistemelor<\/em> \u0219i <em>Inginerie Electric\u0103<\/em>.<\/p>\n\n\n\n<p>Programele de studii din domeniul Ingineria Sistemelor sunt: <em>Automatic\u0103 \u0219i Informatic\u0103 Aplicat\u0103<\/em> (licen\u021b\u0103) \u0219i  <em>Automatic\u0103 Avansat\u0103, Productic\u0103 \u0219i Informatic\u0103 Industrial\u0103<\/em> (master). De asemenea, membrii DAIIE sunt implica\u021bi \u00een sus\u021binerea activit\u0103\u021bilor desf\u0103\u0219urate \u00een cadrul programului de studii <em>Ingineria Sistemelor Multimedia<\/em> (licen\u021b\u0103), din cadrul <a rel=\"noreferrer noopener\" aria-label=\"Facult\u0103\u021bii de \u0218tiin\u021be \u0219i Inginerie Alexandria (se deschide \u00eentr-o fil\u0103 nou\u0103)\" href=\"https:\/\/fsia.valahia.ro\/\" target=\"_blank\">Facult\u0103\u021bii de \u0218tiin\u021be \u0219i Inginerie Alexandria<\/a>.<\/p>\n\n\n\n<p> Programele de studii din domeniul Inginerie Electric\u0103 sunt: <em>Electrotehnic\u0103<\/em> (licen\u021b\u0103) \u0219i <em>Sisteme \u0219i Echipamente Moderne \u00een Producerea \u0219i Utilizarea Energiei<\/em> (master). De asemenea, \u00een domeniu Inginerie Electric\u0103 func\u021bioneaz\u0103 \u0219i programul de master \u00een limba englez\u0103 <em><a rel=\"noreferrer noopener\" aria-label=\"Integrated Electrical Systems Engineering in Vehicle (se deschide \u00eentr-o fil\u0103 nou\u0103)\" href=\"https:\/\/emotion.valahia.ro\/en\/study\" target=\"_blank\">Integrated Electrical Systems Engineering in Vehicle<\/a>s<\/em> care este administrat de colegii din domeniului Inginerie Energetic\u0103.<\/p>\n","protected":false},"excerpt":{"rendered":"<p>Departamentul de Automatic\u0103, Informatic\u0103 \u0219i Inginerie Electric\u0103 (DAIIE) este un departament didactic \u00een cadrul Facult\u0103\u021bii de Inginerie Electric\u0103, Electronic\u0103 \u0219i Tehnologia Informa\u021biei (FIEETI), Universitatea Valahia din T\u00e2rgovi\u0219te (UVT) \u0219i are ca rol principal gestionarea programelor de studii din cadrul a <a href=\"https:\/\/aiie.valahia.ro\/\" class=\"read-more\">Cite\u0219te mai mult &#8230;<\/a><\/p>\n","protected":false},"author":1,"featured_media":0,"parent":0,"menu_order":0,"comment_status":"closed","ping_status":"closed","template":"","meta":{"footnotes":""},"class_list":["post-13","page","type-page","status-publish","hentry"],"_links":{"self":[{"href":"https:\/\/aiie.valahia.ro\/index.php\/wp-json\/wp\/v2\/pages\/13","targetHints":{"allow":["GET"]}}],"collection":[{"href":"https:\/\/aiie.valahia.ro\/index.php\/wp-json\/wp\/v2\/pages"}],"about":[{"href":"https:\/\/aiie.valahia.ro\/index.php\/wp-json\/wp\/v2\/types\/page"}],"author":[{"embeddable":true,"href":"https:\/\/aiie.valahia.ro\/index.php\/wp-json\/wp\/v2\/users\/1"}],"replies":[{"embeddable":true,"href":"https:\/\/aiie.valahia.ro\/index.php\/wp-json\/wp\/v2\/comments?post=13"}],"version-history":[{"count":5,"href":"https:\/\/aiie.valahia.ro\/index.php\/wp-json\/wp\/v2\/pages\/13\/revisions"}],"predecessor-version":[{"id":105,"href":"https:\/\/aiie.valahia.ro\/index.php\/wp-json\/wp\/v2\/pages\/13\/revisions\/105"}],"wp:attachment":[{"href":"https:\/\/aiie.valahia.ro\/index.php\/wp-json\/wp\/v2\/media?parent=13"}],"curies":[{"name":"wp","href":"https:\/\/api.w.org\/{rel}","templated":true}]}}