{"id":21,"date":"2019-11-16T16:24:01","date_gmt":"2019-11-16T16:24:01","guid":{"rendered":"http:\/\/aiie.valahia.ro\/?page_id=21"},"modified":"2019-11-23T19:11:46","modified_gmt":"2019-11-23T17:11:46","slug":"educatie","status":"publish","type":"page","link":"https:\/\/aiie.valahia.ro\/index.php\/educatie\/","title":{"rendered":"Educa\u021bie"},"content":{"rendered":"\n<p>Programe de studii de licen\u021b\u0103:<\/p>\n\n\n\n<ul class=\"wp-block-list\"><li><a href=\"https:\/\/aiie.valahia.ro\/index.php\/automatica-si-informatica-aplicata\/\">Automatic\u0103 \u0219i Informatic\u0103 Aplicat\u0103<\/a> (domeniul Ingineria Sistemelor)<\/li><li><a href=\"https:\/\/aiie.valahia.ro\/index.php\/electrotehnica\/\">Electrotehnic\u0103<\/a> (domeniul Inginerie Electric\u0103)<\/li><\/ul>\n\n\n\n<p>Programe de studii de master:<\/p>\n\n\n\n<ul class=\"wp-block-list\"><li><a href=\"https:\/\/aiie.valahia.ro\/index.php\/automatica-avansata-productica-si-informatica-industriala\/\">Automatic\u0103 Avansat\u0103, Productic\u0103 \u0219i Informatic\u0103 Industrial\u0103<\/a>  (domeniul Ingineria Sistemelor)<\/li><li><a href=\"https:\/\/aiie.valahia.ro\/index.php\/sisteme-si-echipamente-moderne-in-producerea-si-utilizarea-energiei\/\">Sisteme \u0219i Echipamente Moderne \u00een Producerea \u0219i Utilizarea Energiei<\/a>  (domeniul Inginerie Electric\u0103) <\/li><\/ul>\n","protected":false},"excerpt":{"rendered":"<p>Programe de studii de licen\u021b\u0103: Automatic\u0103 \u0219i Informatic\u0103 Aplicat\u0103 (domeniul Ingineria Sistemelor) Electrotehnic\u0103 (domeniul Inginerie Electric\u0103) Programe de studii de master: Automatic\u0103 Avansat\u0103, Productic\u0103 \u0219i Informatic\u0103 Industrial\u0103 (domeniul Ingineria Sistemelor) Sisteme \u0219i Echipamente Moderne \u00een Producerea \u0219i Utilizarea Energiei (domeniul <a href=\"https:\/\/aiie.valahia.ro\/index.php\/educatie\/\" class=\"read-more\">Cite\u0219te mai mult &#8230;<\/a><\/p>\n","protected":false},"author":1,"featured_media":0,"parent":0,"menu_order":0,"comment_status":"closed","ping_status":"closed","template":"","meta":{"footnotes":""},"class_list":["post-21","page","type-page","status-publish","hentry"],"_links":{"self":[{"href":"https:\/\/aiie.valahia.ro\/index.php\/wp-json\/wp\/v2\/pages\/21","targetHints":{"allow":["GET"]}}],"collection":[{"href":"https:\/\/aiie.valahia.ro\/index.php\/wp-json\/wp\/v2\/pages"}],"about":[{"href":"https:\/\/aiie.valahia.ro\/index.php\/wp-json\/wp\/v2\/types\/page"}],"author":[{"embeddable":true,"href":"https:\/\/aiie.valahia.ro\/index.php\/wp-json\/wp\/v2\/users\/1"}],"replies":[{"embeddable":true,"href":"https:\/\/aiie.valahia.ro\/index.php\/wp-json\/wp\/v2\/comments?post=21"}],"version-history":[{"count":3,"href":"https:\/\/aiie.valahia.ro\/index.php\/wp-json\/wp\/v2\/pages\/21\/revisions"}],"predecessor-version":[{"id":106,"href":"https:\/\/aiie.valahia.ro\/index.php\/wp-json\/wp\/v2\/pages\/21\/revisions\/106"}],"wp:attachment":[{"href":"https:\/\/aiie.valahia.ro\/index.php\/wp-json\/wp\/v2\/media?parent=21"}],"curies":[{"name":"wp","href":"https:\/\/api.w.org\/{rel}","templated":true}]}}