{"id":27,"date":"2019-11-16T16:24:54","date_gmt":"2019-11-16T16:24:54","guid":{"rendered":"http:\/\/aiie.valahia.ro\/?page_id=27"},"modified":"2020-11-23T07:34:27","modified_gmt":"2020-11-23T05:34:27","slug":"admitere","status":"publish","type":"page","link":"https:\/\/aiie.valahia.ro\/index.php\/admitere\/","title":{"rendered":"Admitere"},"content":{"rendered":"\n<p><a rel=\"noreferrer noopener\" href=\"https:\/\/aiie.valahia.ro\/wp-content\/uploads\/2020\/11\/pliant_LAI.pdf\" target=\"_blank\">Pliant de prezentare specializarea <em>Automatic\u0103 \u0219i informatic\u0103 aplicat\u0103<\/em><\/a><\/p>\n\n\n\n<p><a rel=\"noreferrer noopener\" href=\"https:\/\/aiie.valahia.ro\/wp-content\/uploads\/2020\/11\/pliant_LET.pdf\" target=\"_blank\">Pliant de prezentare specializarea <em>Electrotehnic\u0103<\/em><\/a><\/p>\n\n\n\n<figure class=\"wp-block-embed-youtube wp-block-embed is-type-video is-provider-youtube wp-embed-aspect-4-3 wp-has-aspect-ratio\"><div class=\"wp-block-embed__wrapper\">\n<iframe loading=\"lazy\" title=\"Automatica si Informatica Aplicata - Universitatea VALAHIA din Targoviste\" width=\"847\" height=\"635\" src=\"https:\/\/www.youtube.com\/embed\/VGFV01hNGNY?feature=oembed\" frameborder=\"0\" allow=\"accelerometer; autoplay; clipboard-write; encrypted-media; gyroscope; picture-in-picture\" allowfullscreen><\/iframe>\n<\/div><figcaption>Prezentare Automatic\u0103 \u0219i informatic\u0103 aplicat\u0103<\/figcaption><\/figure>\n\n\n\n<figure class=\"wp-block-embed-youtube wp-block-embed is-type-video is-provider-youtube wp-embed-aspect-16-9 wp-has-aspect-ratio\"><div class=\"wp-block-embed__wrapper\">\n<iframe loading=\"lazy\" title=\"Electrotehnica - Universitatea VALAHIA din Targoviste\" width=\"847\" height=\"476\" src=\"https:\/\/www.youtube.com\/embed\/9EE3v6jFbRQ?feature=oembed\" frameborder=\"0\" allow=\"accelerometer; autoplay; clipboard-write; encrypted-media; gyroscope; picture-in-picture\" allowfullscreen><\/iframe>\n<\/div><figcaption>Prezentare Electrotehnic\u0103<\/figcaption><\/figure>\n\n\n\n<p><\/p>\n\n\n\n<p><\/p>\n\n\n\n<p><\/p>\n","protected":false},"excerpt":{"rendered":"<p>Pliant de prezentare specializarea Automatic\u0103 \u0219i informatic\u0103 aplicat\u0103 Pliant de prezentare specializarea Electrotehnic\u0103<\/p>\n","protected":false},"author":1,"featured_media":0,"parent":0,"menu_order":0,"comment_status":"closed","ping_status":"closed","template":"","meta":{"footnotes":""},"class_list":["post-27","page","type-page","status-publish","hentry"],"_links":{"self":[{"href":"https:\/\/aiie.valahia.ro\/index.php\/wp-json\/wp\/v2\/pages\/27","targetHints":{"allow":["GET"]}}],"collection":[{"href":"https:\/\/aiie.valahia.ro\/index.php\/wp-json\/wp\/v2\/pages"}],"about":[{"href":"https:\/\/aiie.valahia.ro\/index.php\/wp-json\/wp\/v2\/types\/page"}],"author":[{"embeddable":true,"href":"https:\/\/aiie.valahia.ro\/index.php\/wp-json\/wp\/v2\/users\/1"}],"replies":[{"embeddable":true,"href":"https:\/\/aiie.valahia.ro\/index.php\/wp-json\/wp\/v2\/comments?post=27"}],"version-history":[{"count":2,"href":"https:\/\/aiie.valahia.ro\/index.php\/wp-json\/wp\/v2\/pages\/27\/revisions"}],"predecessor-version":[{"id":230,"href":"https:\/\/aiie.valahia.ro\/index.php\/wp-json\/wp\/v2\/pages\/27\/revisions\/230"}],"wp:attachment":[{"href":"https:\/\/aiie.valahia.ro\/index.php\/wp-json\/wp\/v2\/media?parent=27"}],"curies":[{"name":"wp","href":"https:\/\/api.w.org\/{rel}","templated":true}]}}