{"id":441,"date":"2023-05-18T10:53:51","date_gmt":"2023-05-18T07:53:51","guid":{"rendered":"https:\/\/aiie.valahia.ro\/?page_id=441"},"modified":"2024-06-17T12:05:50","modified_gmt":"2024-06-17T09:05:50","slug":"caia-2023","status":"publish","type":"page","link":"https:\/\/aiie.valahia.ro\/index.php\/caia-2023\/","title":{"rendered":"CAIA 2023"},"content":{"rendered":"\n<div class=\"wp-block-columns is-layout-flex wp-container-core-columns-is-layout-9d6595d7 wp-block-columns-is-layout-flex\">\n<div class=\"wp-block-column is-layout-flow wp-block-column-is-layout-flow\">\n<figure class=\"wp-block-image size-large is-resized\"><img loading=\"lazy\" decoding=\"async\" width=\"1024\" height=\"493\" src=\"https:\/\/aiie.valahia.ro\/wp-content\/uploads\/2023\/05\/Logo-1-1024x493.png\" alt=\"\" class=\"wp-image-454\" style=\"width:220px;height:105px\" srcset=\"https:\/\/aiie.valahia.ro\/wp-content\/uploads\/2023\/05\/Logo-1-1024x493.png 1024w, https:\/\/aiie.valahia.ro\/wp-content\/uploads\/2023\/05\/Logo-1-300x145.png 300w, https:\/\/aiie.valahia.ro\/wp-content\/uploads\/2023\/05\/Logo-1-768x370.png 768w, https:\/\/aiie.valahia.ro\/wp-content\/uploads\/2023\/05\/Logo-1-1536x740.png 1536w, https:\/\/aiie.valahia.ro\/wp-content\/uploads\/2023\/05\/Logo-1-2048x987.png 2048w, https:\/\/aiie.valahia.ro\/wp-content\/uploads\/2023\/05\/Logo-1-360x173.png 360w\" sizes=\"auto, (max-width: 1024px) 100vw, 1024px\" \/><\/figure>\n<\/div>\n<\/div>\n\n\n\n<p>Cea de-a IV-a edi\u021bie a Sesiunii de Comunic\u0103ri \u0218tin\u021bifice Studen\u021be\u0219ti <strong>\u201dControl Automatizat \u0219i Informatic\u0103 Aplicat\u0103 \u00een procese de laborator \u0219i industriale\u201d \u2013 CAIA 2023<\/strong>, organizat\u0103 de Departamentul de Automatic\u0103, Informatic\u0103 \u0219i Inginerie Electric\u0103 (DAIIE) din Universitatea Valahia din T\u00e2rgovi\u0219te (UVT), este destinat\u0103 studen\u021bilor din ciclurile de licen\u021b\u0103, masterat \u0219i doctorat din domeniile: <strong>Ingineria Sistemelor<\/strong> \u0219i <strong>Inginerie Electric\u0103<\/strong>.<\/p>\n\n\n\n<p>\u00cen cadrul manifest\u0103rii se vor prezenta lucr\u0103ri teoretice \u0219i practice din ariile tematice: automatiz\u0103ri ale proceselor industriale \u0219i de laborator, robotic\u0103,&nbsp;informatic\u0103 aplicat\u0103, inginerie electric\u0103 \u0219i surse regenerabile.<\/p>\n\n\n\n<p>Conferin\u021ba este un bun prilej de familiarizare a studen\u021bilor cu activit\u0103\u021bi de elaborare a unei lucr\u0103ri \u0219tiin\u021bifice, de concep\u021bie \u0219i implementare a lucr\u0103rilor practice \u0219i, nu \u00een ultimul r\u00e2nd, de sus\u021binere public\u0103 a unei prelegeri \u0219tiin\u021bifice. Totodat\u0103, se va derula \u0219i cea de-a XVI-a edi\u021bie a Concursului tematic \u0219tiin\u021bific studen\u021besc \u201e<strong>ROBO\u0162I \u00ceN AC\u0162IUNE<\/strong>\u201d.<\/p>\n\n\n\n<p>Sesiunea de comunic\u0103ri \u0219tiin\u021bifice studen\u021be\u0219ti va include <strong>dou\u0103 sec\u021biuni principale<\/strong>: sec\u021biunea <strong>juniori <\/strong>(se adreseaz\u0103 studen\u021bilor din ciclul licen\u021b\u0103) \u0219i sec\u021biunea <strong>seniori <\/strong>(se adreseaz\u0103 studen\u021bilor din ciclul master\/doctorat). \u00cen cadrul fiec\u0103reia dintre cele dou\u0103 sec\u021biuni <strong>vor fi premiate cele mai bune lucr\u0103ri (trei per sec\u021biune)<\/strong>.<\/p>\n\n\n\n<p>Loca\u021bia: ICSTM, et. 2, Bibliotec\u0103<\/p>\n\n\n\n<p>Data: 9-10 iunie, 2023, ora 10:00<\/p>\n\n\n\n<h2 class=\"wp-block-heading\"><strong>Formular de \u00eenscriere<\/strong><\/h2>\n\n\n\n<p><a href=\"https:\/\/forms.gle\/NcQyzQWkECeaqJzW8\">https:\/\/forms.gle\/NcQyzQWkECeaqJzW8<\/a><\/p>\n\n\n\n<div class=\"wp-block-columns is-layout-flex wp-container-core-columns-is-layout-9d6595d7 wp-block-columns-is-layout-flex\">\n<div class=\"wp-block-column is-layout-flow wp-block-column-is-layout-flow\">\n<figure class=\"wp-block-image size-full is-resized\"><img loading=\"lazy\" decoding=\"async\" width=\"300\" height=\"300\" src=\"https:\/\/aiie.valahia.ro\/wp-content\/uploads\/2023\/05\/Formular_inregistrare.png\" alt=\"\" class=\"wp-image-461\" style=\"width:137px;height:137px\" srcset=\"https:\/\/aiie.valahia.ro\/wp-content\/uploads\/2023\/05\/Formular_inregistrare.png 300w, https:\/\/aiie.valahia.ro\/wp-content\/uploads\/2023\/05\/Formular_inregistrare-150x150.png 150w, https:\/\/aiie.valahia.ro\/wp-content\/uploads\/2023\/05\/Formular_inregistrare-270x270.png 270w\" sizes=\"auto, (max-width: 300px) 100vw, 300px\" \/><\/figure>\n\n\n\n<figure class=\"wp-block-gallery has-nested-images columns-default is-cropped wp-block-gallery-1 is-layout-flex wp-block-gallery-is-layout-flex\">\n<figure class=\"wp-block-image size-large\"><img loading=\"lazy\" decoding=\"async\" width=\"1024\" height=\"719\" data-id=\"512\" src=\"https:\/\/aiie.valahia.ro\/wp-content\/uploads\/2023\/06\/Pliant_2023_Page_1-1-1024x719.png\" alt=\"\" class=\"wp-image-512\" srcset=\"https:\/\/aiie.valahia.ro\/wp-content\/uploads\/2023\/06\/Pliant_2023_Page_1-1-1024x719.png 1024w, https:\/\/aiie.valahia.ro\/wp-content\/uploads\/2023\/06\/Pliant_2023_Page_1-1-300x211.png 300w, https:\/\/aiie.valahia.ro\/wp-content\/uploads\/2023\/06\/Pliant_2023_Page_1-1-768x539.png 768w, https:\/\/aiie.valahia.ro\/wp-content\/uploads\/2023\/06\/Pliant_2023_Page_1-1-1536x1079.png 1536w, https:\/\/aiie.valahia.ro\/wp-content\/uploads\/2023\/06\/Pliant_2023_Page_1-1-360x253.png 360w, https:\/\/aiie.valahia.ro\/wp-content\/uploads\/2023\/06\/Pliant_2023_Page_1-1.png 1707w\" sizes=\"auto, (max-width: 1024px) 100vw, 1024px\" \/><\/figure>\n\n\n\n<figure class=\"wp-block-image size-large\"><img loading=\"lazy\" decoding=\"async\" width=\"1024\" height=\"719\" data-id=\"513\" src=\"https:\/\/aiie.valahia.ro\/wp-content\/uploads\/2023\/06\/Pliant_2023_Page_2-1-1024x719.png\" alt=\"\" class=\"wp-image-513\" srcset=\"https:\/\/aiie.valahia.ro\/wp-content\/uploads\/2023\/06\/Pliant_2023_Page_2-1-1024x719.png 1024w, https:\/\/aiie.valahia.ro\/wp-content\/uploads\/2023\/06\/Pliant_2023_Page_2-1-300x211.png 300w, https:\/\/aiie.valahia.ro\/wp-content\/uploads\/2023\/06\/Pliant_2023_Page_2-1-768x539.png 768w, https:\/\/aiie.valahia.ro\/wp-content\/uploads\/2023\/06\/Pliant_2023_Page_2-1-1536x1079.png 1536w, https:\/\/aiie.valahia.ro\/wp-content\/uploads\/2023\/06\/Pliant_2023_Page_2-1-360x253.png 360w, https:\/\/aiie.valahia.ro\/wp-content\/uploads\/2023\/06\/Pliant_2023_Page_2-1.png 1707w\" sizes=\"auto, (max-width: 1024px) 100vw, 1024px\" \/><\/figure>\n<\/figure>\n<\/div>\n<\/div>\n\n\n\n<h2 class=\"wp-block-heading\"><strong>Domenii \u0219i direc\u021bii \u0219tiin\u021bifice<\/strong><\/h2>\n\n\n\n<div class=\"wp-block-columns is-layout-flex wp-container-core-columns-is-layout-9d6595d7 wp-block-columns-is-layout-flex\">\n<div class=\"wp-block-column is-layout-flow wp-block-column-is-layout-flow\">\n<p># <em>Automatic\u0103<\/em><\/p>\n\n\n\n<ul class=\"wp-block-list\">\n<li>Proiectarea sistemelor liniare \u0219i neliniare<\/li>\n\n\n\n<li>Controlul avansat al proceselor<\/li>\n\n\n\n<li>Robotic\u0103 \u0219i control inteligent<\/li>\n\n\n\n<li>Aplica\u021bii \u0219i studii de caz \u00een automatizare \u0219i robotic\u0103<\/li>\n\n\n\n<li>Sisteme integrate<\/li>\n\n\n\n<li>Aplica\u021bii de timp real<\/li>\n\n\n\n<li>Sisteme cu microprocesor<\/li>\n<\/ul>\n\n\n\n<p># <em>Informatic\u0103 Aplicat\u0103<\/em><\/p>\n\n\n\n<ul class=\"wp-block-list\">\n<li>Inginerie Software<\/li>\n\n\n\n<li>Baze de date, programe \u0219i sisteme expert<\/li>\n\n\n\n<li>Servicii Web<\/li>\n\n\n\n<li>Securitatea sistemelor informatice<\/li>\n\n\n\n<li>Inteligen\u021b\u0103 artificial\u0103<\/li>\n\n\n\n<li>Realitate virtual\u0103 \u0219i realitate augmentat\u0103<\/li>\n<\/ul>\n<\/div>\n\n\n\n<div class=\"wp-block-column is-layout-flow wp-block-column-is-layout-flow\">\n<p># <em>Tehnologii<\/em> <em>moderne \u00een ingineria electric\u0103<\/em><\/p>\n\n\n\n<ul class=\"wp-block-list\">\n<li>Convertoare electromecanice<\/li>\n\n\n\n<li>Echipamente \u0219i instala\u021bii electrice<\/li>\n\n\n\n<li>Ma\u0219ini electrice neconven\u021bionale<\/li>\n\n\n\n<li>Echipamente de comuta\u021bie inteligente<\/li>\n\n\n\n<li>Electrotehnologii<\/li>\n\n\n\n<li>Sisteme electroluminoase \u0219i iluminat electric<\/li>\n\n\n\n<li>Transmiterea wireless a energiei electromagnetice<\/li>\n\n\n\n<li>Modelarea electromagnetic\u0103 \u0219i termic\u0103&nbsp; a sistemelor electrice<\/li>\n<\/ul>\n\n\n\n<p># <em>Generarea energiei electrice din surse regenerabile \u0219i nepoluante<\/em><\/p>\n\n\n\n<ul class=\"wp-block-list\">\n<li>Surse regenerabile de energie<\/li>\n\n\n\n<li>Proiectarea sistemelor cu surse regenerabile<\/li>\n\n\n\n<li>Microtehnologii utilizate \u00een domeniul energiei solare<\/li>\n\n\n\n<li>Sisteme fotovoltaice<\/li>\n\n\n\n<li>Sisteme termoelectrice aplicate<\/li>\n<\/ul>\n<\/div>\n<\/div>\n\n\n\n<div class=\"wp-block-columns is-layout-flex wp-container-core-columns-is-layout-9d6595d7 wp-block-columns-is-layout-flex\">\n<div class=\"wp-block-column is-layout-flow wp-block-column-is-layout-flow\">\n<h2 class=\"wp-block-heading\"><strong>Comitetul \u0219tiin\u021bific<\/strong><\/h2>\n\n\n\n<ul class=\"wp-block-list\">\n<li>Prof.dr.ing. Florin DRAGOMIR<\/li>\n\n\n\n<li>Prof.dr.ing. Lumini\u021ba DU\u021a\u0102<\/li>\n\n\n\n<li>Prof.dr.ing. Eugenia MINC\u0102<\/li>\n\n\n\n<li>Prof.dr.ing. Mihail-Florin STAN<\/li>\n\n\n\n<li>Conf.dr.ing. Mihai B\u00ceZOI<\/li>\n\n\n\n<li>Conf.dr.ing. Otilia Elena DRAGOMIR<\/li>\n\n\n\n<li>Conf.dr.ing. Adela Gabriela HUSU<\/li>\n\n\n\n<li>Conf.dr.ing. Paul Ciprian PATIC<\/li>\n\n\n\n<li>Conf.dr.ing. Ana Maria SUDUC<\/li>\n\n\n\n<li>Conf.dr.ing. Elena Otilia V\u00ceRJOGHE<\/li>\n\n\n\n<li>\u0218.l.dr.ing. Iulian B\u0102NCU\u021a\u0102<\/li>\n\n\n\n<li>\u0218.l.dr.ing. Cosmin COBIANU<\/li>\n\n\n\n<li>\u0218.l.dr.ing. Lucia PASCALE<\/li>\n<\/ul>\n<\/div>\n\n\n\n<div class=\"wp-block-column is-layout-flow wp-block-column-is-layout-flow\">\n<h2 class=\"wp-block-heading\"><strong>Comitetul de organizare<\/strong><\/h2>\n\n\n\n<ul class=\"wp-block-list\">\n<li>Prof.dr.ing. Florin DRAGOMIR<\/li>\n\n\n\n<li>Conf.dr.ing. Mihai B\u00ceZOI<\/li>\n\n\n\n<li>Conf.dr.ing. Otilia Elena DRAGOMIR<\/li>\n\n\n\n<li>Conf.dr.ing. Adela Gabriela HUSU<\/li>\n\n\n\n<li>Conf.dr.ing. Paul Ciprian PATIC<\/li>\n\n\n\n<li>Conf.dr.ing. Ana Maria SUDUC (ini\u0163iativ\u0103 \u015fi coordonare)<\/li>\n\n\n\n<li>\u0218.l.dr.ing. Iulian B\u0102NCU\u021a\u0102<\/li>\n\n\n\n<li>Stud. Ovidiu Ioan COJOCARU<\/li>\n\n\n\n<li>Stud. Lucian Daniel IORDACHE<\/li>\n\n\n\n<li>Stud. Daniel Iulian RADUCU<\/li>\n\n\n\n<li>Stud. George-Florian SLAV<\/li>\n\n\n\n<li>Stud. Alexandru VOICAN<\/li>\n<\/ul>\n<\/div>\n<\/div>\n\n\n\n<h2 class=\"wp-block-heading\"><a href=\"https:\/\/aiie.valahia.ro\/wp-content\/uploads\/2024\/06\/Program-CAIA-2023.pdf\" target=\"_blank\" rel=\"noreferrer noopener\">Programul conferin\u021bei<\/a><\/h2>\n\n\n\n<h2 class=\"wp-block-heading\">Premii<\/h2>\n\n\n\n<div class=\"wp-block-columns is-layout-flex wp-container-core-columns-is-layout-9d6595d7 wp-block-columns-is-layout-flex\">\n<div class=\"wp-block-column is-layout-flow wp-block-column-is-layout-flow\">\n<h2 class=\"wp-block-heading\">Juniori &#8211; Licen\u021b\u0103<\/h2>\n\n\n\n<ul class=\"wp-block-list\">\n<li><strong>Premiul I &#8211; Grigore George Iulian<\/strong>, Automatic\u0103 \u0219i Informatic\u0103 Aplicat\u0103, Anul IV, Lucrarea: Identificarea obiectelor cu Matlab \u0219i folosirea datelor ob\u021binute \u00een conducerea unui robot ABB \u00eentr-un proces de asamblare<\/li>\n\n\n\n<li><strong>Premiul II &#8211; Nica Gabriel-Cosmin<\/strong>, Automatic\u0103 \u0219i Informatic\u0103 Aplicat\u0103, Anul IV, Lucrarea: Proiectarea unei sta\u021bii de sortare \u00eentr-un sistem flexibil de fabrica\u021bie<\/li>\n\n\n\n<li><strong>Premiul III &#8211; Voicu Ancuta Georgiana<\/strong>, Electrotehnic\u0103, Anul IV, Lucrarea: Cercet\u0103ri privind ob\u021binerea celulelor fotovoltaice sensibilizate cu structuri organice (DSSC)<\/li>\n<\/ul>\n<\/div>\n\n\n\n<div class=\"wp-block-column is-layout-flow wp-block-column-is-layout-flow\">\n<h2 class=\"wp-block-heading\">Seniori &#8211; Master<\/h2>\n\n\n\n<ul class=\"wp-block-list\">\n<li><strong>Premiul I &#8211; <strong>Rudaru Alin-Ionu\u021b<\/strong><\/strong>, Automatic\u0103 Avansat\u0103, Productic\u0103 \u0219i Informatic\u0103 Aplicat\u0103, Anul I, Lucrarea: Tehnici de testare ale inteligen\u021bei artificiale \u0219i cu ajutorul inteligen\u021bei artificiale<\/li>\n\n\n\n<li><strong>Premiul II &#8211; <strong>Niculae Victor-Aurelian<\/strong><\/strong>, Automatic\u0103 Avansat\u0103, Productic\u0103 \u0219i Informatic\u0103 Aplicat\u0103, Anul I, Lucrarea: O abordare modular\u0103 pentru sistemele de management al echipei: dezvoltare, evaluare \u0219i analiz\u0103 comparativ\u0103<\/li>\n\n\n\n<li><strong>Premiul III &#8211; <strong>Teleaga Bogdan Andrei<\/strong><\/strong>, Sisteme \u0219i Echipamente Moderne \u00een Producerea \u0219i Utilizarea Energiei, Anul I, Lucrarea: Sisteme avansate de telecontrol din sta\u021biile de transformare<\/li>\n<\/ul>\n<\/div>\n<\/div>\n\n\n\n<figure class=\"wp-block-gallery has-nested-images columns-default is-cropped wp-block-gallery-2 is-layout-flex wp-block-gallery-is-layout-flex\">\n<figure class=\"wp-block-image size-large\"><img loading=\"lazy\" decoding=\"async\" width=\"1024\" height=\"768\" data-id=\"494\" src=\"https:\/\/aiie.valahia.ro\/wp-content\/uploads\/2023\/06\/IMG-20230610-WA0024-1024x768.jpg\" alt=\"\" class=\"wp-image-494\" srcset=\"https:\/\/aiie.valahia.ro\/wp-content\/uploads\/2023\/06\/IMG-20230610-WA0024-1024x768.jpg 1024w, https:\/\/aiie.valahia.ro\/wp-content\/uploads\/2023\/06\/IMG-20230610-WA0024-300x225.jpg 300w, https:\/\/aiie.valahia.ro\/wp-content\/uploads\/2023\/06\/IMG-20230610-WA0024-768x576.jpg 768w, https:\/\/aiie.valahia.ro\/wp-content\/uploads\/2023\/06\/IMG-20230610-WA0024-1536x1152.jpg 1536w, https:\/\/aiie.valahia.ro\/wp-content\/uploads\/2023\/06\/IMG-20230610-WA0024-360x270.jpg 360w, https:\/\/aiie.valahia.ro\/wp-content\/uploads\/2023\/06\/IMG-20230610-WA0024.jpg 2048w\" sizes=\"auto, (max-width: 1024px) 100vw, 1024px\" \/><\/figure>\n\n\n\n<figure class=\"wp-block-image size-large\"><img loading=\"lazy\" decoding=\"async\" width=\"1024\" height=\"768\" data-id=\"492\" src=\"https:\/\/aiie.valahia.ro\/wp-content\/uploads\/2023\/06\/IMG-20230610-WA0025-1024x768.jpg\" alt=\"\" class=\"wp-image-492\" srcset=\"https:\/\/aiie.valahia.ro\/wp-content\/uploads\/2023\/06\/IMG-20230610-WA0025-1024x768.jpg 1024w, https:\/\/aiie.valahia.ro\/wp-content\/uploads\/2023\/06\/IMG-20230610-WA0025-300x225.jpg 300w, https:\/\/aiie.valahia.ro\/wp-content\/uploads\/2023\/06\/IMG-20230610-WA0025-768x576.jpg 768w, https:\/\/aiie.valahia.ro\/wp-content\/uploads\/2023\/06\/IMG-20230610-WA0025-1536x1152.jpg 1536w, https:\/\/aiie.valahia.ro\/wp-content\/uploads\/2023\/06\/IMG-20230610-WA0025-360x270.jpg 360w, https:\/\/aiie.valahia.ro\/wp-content\/uploads\/2023\/06\/IMG-20230610-WA0025.jpg 2048w\" sizes=\"auto, (max-width: 1024px) 100vw, 1024px\" \/><\/figure>\n\n\n\n<figure class=\"wp-block-image size-large\"><img loading=\"lazy\" decoding=\"async\" width=\"1024\" height=\"768\" data-id=\"495\" src=\"https:\/\/aiie.valahia.ro\/wp-content\/uploads\/2023\/06\/IMG-20230610-WA0030-1024x768.jpg\" alt=\"\" class=\"wp-image-495\" srcset=\"https:\/\/aiie.valahia.ro\/wp-content\/uploads\/2023\/06\/IMG-20230610-WA0030-1024x768.jpg 1024w, https:\/\/aiie.valahia.ro\/wp-content\/uploads\/2023\/06\/IMG-20230610-WA0030-300x225.jpg 300w, https:\/\/aiie.valahia.ro\/wp-content\/uploads\/2023\/06\/IMG-20230610-WA0030-768x576.jpg 768w, https:\/\/aiie.valahia.ro\/wp-content\/uploads\/2023\/06\/IMG-20230610-WA0030-1536x1152.jpg 1536w, https:\/\/aiie.valahia.ro\/wp-content\/uploads\/2023\/06\/IMG-20230610-WA0030-360x270.jpg 360w, https:\/\/aiie.valahia.ro\/wp-content\/uploads\/2023\/06\/IMG-20230610-WA0030.jpg 2048w\" sizes=\"auto, (max-width: 1024px) 100vw, 1024px\" \/><\/figure>\n\n\n\n<figure class=\"wp-block-image size-large\"><img loading=\"lazy\" decoding=\"async\" width=\"1024\" height=\"768\" data-id=\"493\" src=\"https:\/\/aiie.valahia.ro\/wp-content\/uploads\/2023\/06\/IMG-20230610-WA0034-1024x768.jpg\" alt=\"\" class=\"wp-image-493\" srcset=\"https:\/\/aiie.valahia.ro\/wp-content\/uploads\/2023\/06\/IMG-20230610-WA0034-1024x768.jpg 1024w, https:\/\/aiie.valahia.ro\/wp-content\/uploads\/2023\/06\/IMG-20230610-WA0034-300x225.jpg 300w, https:\/\/aiie.valahia.ro\/wp-content\/uploads\/2023\/06\/IMG-20230610-WA0034-768x576.jpg 768w, https:\/\/aiie.valahia.ro\/wp-content\/uploads\/2023\/06\/IMG-20230610-WA0034-1536x1152.jpg 1536w, https:\/\/aiie.valahia.ro\/wp-content\/uploads\/2023\/06\/IMG-20230610-WA0034-360x270.jpg 360w, https:\/\/aiie.valahia.ro\/wp-content\/uploads\/2023\/06\/IMG-20230610-WA0034.jpg 2048w\" sizes=\"auto, (max-width: 1024px) 100vw, 1024px\" \/><\/figure>\n\n\n\n<figure class=\"wp-block-image size-large\"><img loading=\"lazy\" decoding=\"async\" width=\"1024\" height=\"768\" data-id=\"498\" src=\"https:\/\/aiie.valahia.ro\/wp-content\/uploads\/2023\/06\/IMG-20230610-WA0039-1024x768.jpg\" alt=\"\" class=\"wp-image-498\" srcset=\"https:\/\/aiie.valahia.ro\/wp-content\/uploads\/2023\/06\/IMG-20230610-WA0039-1024x768.jpg 1024w, https:\/\/aiie.valahia.ro\/wp-content\/uploads\/2023\/06\/IMG-20230610-WA0039-300x225.jpg 300w, https:\/\/aiie.valahia.ro\/wp-content\/uploads\/2023\/06\/IMG-20230610-WA0039-768x576.jpg 768w, https:\/\/aiie.valahia.ro\/wp-content\/uploads\/2023\/06\/IMG-20230610-WA0039-1536x1152.jpg 1536w, https:\/\/aiie.valahia.ro\/wp-content\/uploads\/2023\/06\/IMG-20230610-WA0039-360x270.jpg 360w, https:\/\/aiie.valahia.ro\/wp-content\/uploads\/2023\/06\/IMG-20230610-WA0039.jpg 2048w\" sizes=\"auto, (max-width: 1024px) 100vw, 1024px\" \/><\/figure>\n\n\n\n<figure class=\"wp-block-image size-large\"><img loading=\"lazy\" decoding=\"async\" width=\"1024\" height=\"768\" data-id=\"499\" src=\"https:\/\/aiie.valahia.ro\/wp-content\/uploads\/2023\/06\/IMG-20230610-WA0057-1024x768.jpg\" alt=\"\" class=\"wp-image-499\" srcset=\"https:\/\/aiie.valahia.ro\/wp-content\/uploads\/2023\/06\/IMG-20230610-WA0057-1024x768.jpg 1024w, https:\/\/aiie.valahia.ro\/wp-content\/uploads\/2023\/06\/IMG-20230610-WA0057-300x225.jpg 300w, https:\/\/aiie.valahia.ro\/wp-content\/uploads\/2023\/06\/IMG-20230610-WA0057-768x576.jpg 768w, https:\/\/aiie.valahia.ro\/wp-content\/uploads\/2023\/06\/IMG-20230610-WA0057-1536x1152.jpg 1536w, https:\/\/aiie.valahia.ro\/wp-content\/uploads\/2023\/06\/IMG-20230610-WA0057-360x270.jpg 360w, https:\/\/aiie.valahia.ro\/wp-content\/uploads\/2023\/06\/IMG-20230610-WA0057.jpg 2048w\" sizes=\"auto, (max-width: 1024px) 100vw, 1024px\" \/><\/figure>\n\n\n\n<figure class=\"wp-block-image size-large\"><img loading=\"lazy\" decoding=\"async\" width=\"768\" height=\"1024\" data-id=\"496\" src=\"https:\/\/aiie.valahia.ro\/wp-content\/uploads\/2023\/06\/IMG-20230610-WA0143-768x1024.jpg\" alt=\"\" class=\"wp-image-496\" srcset=\"https:\/\/aiie.valahia.ro\/wp-content\/uploads\/2023\/06\/IMG-20230610-WA0143-768x1024.jpg 768w, https:\/\/aiie.valahia.ro\/wp-content\/uploads\/2023\/06\/IMG-20230610-WA0143-225x300.jpg 225w, https:\/\/aiie.valahia.ro\/wp-content\/uploads\/2023\/06\/IMG-20230610-WA0143-1152x1536.jpg 1152w, https:\/\/aiie.valahia.ro\/wp-content\/uploads\/2023\/06\/IMG-20230610-WA0143-203x270.jpg 203w, https:\/\/aiie.valahia.ro\/wp-content\/uploads\/2023\/06\/IMG-20230610-WA0143.jpg 1512w\" sizes=\"auto, (max-width: 768px) 100vw, 768px\" \/><\/figure>\n\n\n\n<figure class=\"wp-block-image size-large\"><img loading=\"lazy\" decoding=\"async\" width=\"768\" height=\"1024\" data-id=\"497\" src=\"https:\/\/aiie.valahia.ro\/wp-content\/uploads\/2023\/06\/PHOTO-2023-06-10-15-40-16_5.jpg\" alt=\"\" class=\"wp-image-497\" srcset=\"https:\/\/aiie.valahia.ro\/wp-content\/uploads\/2023\/06\/PHOTO-2023-06-10-15-40-16_5.jpg 768w, https:\/\/aiie.valahia.ro\/wp-content\/uploads\/2023\/06\/PHOTO-2023-06-10-15-40-16_5-225x300.jpg 225w, https:\/\/aiie.valahia.ro\/wp-content\/uploads\/2023\/06\/PHOTO-2023-06-10-15-40-16_5-203x270.jpg 203w\" sizes=\"auto, (max-width: 768px) 100vw, 768px\" \/><\/figure>\n\n\n\n<figure class=\"wp-block-image size-large\"><img loading=\"lazy\" decoding=\"async\" width=\"1024\" height=\"768\" data-id=\"500\" src=\"https:\/\/aiie.valahia.ro\/wp-content\/uploads\/2023\/06\/PHOTO-2023-06-10-15-40-16_11.jpg\" alt=\"\" class=\"wp-image-500\" srcset=\"https:\/\/aiie.valahia.ro\/wp-content\/uploads\/2023\/06\/PHOTO-2023-06-10-15-40-16_11.jpg 1024w, https:\/\/aiie.valahia.ro\/wp-content\/uploads\/2023\/06\/PHOTO-2023-06-10-15-40-16_11-300x225.jpg 300w, https:\/\/aiie.valahia.ro\/wp-content\/uploads\/2023\/06\/PHOTO-2023-06-10-15-40-16_11-768x576.jpg 768w, https:\/\/aiie.valahia.ro\/wp-content\/uploads\/2023\/06\/PHOTO-2023-06-10-15-40-16_11-360x270.jpg 360w\" sizes=\"auto, (max-width: 1024px) 100vw, 1024px\" \/><\/figure>\n\n\n\n<figure class=\"wp-block-image size-large\"><img loading=\"lazy\" decoding=\"async\" width=\"1024\" height=\"768\" data-id=\"506\" src=\"https:\/\/aiie.valahia.ro\/wp-content\/uploads\/2023\/06\/IMG-20230610-WA0029-1024x768.jpg\" alt=\"\" class=\"wp-image-506\" srcset=\"https:\/\/aiie.valahia.ro\/wp-content\/uploads\/2023\/06\/IMG-20230610-WA0029-1024x768.jpg 1024w, https:\/\/aiie.valahia.ro\/wp-content\/uploads\/2023\/06\/IMG-20230610-WA0029-300x225.jpg 300w, https:\/\/aiie.valahia.ro\/wp-content\/uploads\/2023\/06\/IMG-20230610-WA0029-768x576.jpg 768w, https:\/\/aiie.valahia.ro\/wp-content\/uploads\/2023\/06\/IMG-20230610-WA0029-1536x1152.jpg 1536w, https:\/\/aiie.valahia.ro\/wp-content\/uploads\/2023\/06\/IMG-20230610-WA0029-360x270.jpg 360w, https:\/\/aiie.valahia.ro\/wp-content\/uploads\/2023\/06\/IMG-20230610-WA0029.jpg 2048w\" sizes=\"auto, (max-width: 1024px) 100vw, 1024px\" \/><\/figure>\n\n\n\n<figure class=\"wp-block-image size-large\"><img loading=\"lazy\" decoding=\"async\" width=\"1024\" height=\"768\" data-id=\"502\" src=\"https:\/\/aiie.valahia.ro\/wp-content\/uploads\/2023\/06\/IMG-20230610-WA0014-1024x768.jpg\" alt=\"\" class=\"wp-image-502\" srcset=\"https:\/\/aiie.valahia.ro\/wp-content\/uploads\/2023\/06\/IMG-20230610-WA0014-1024x768.jpg 1024w, https:\/\/aiie.valahia.ro\/wp-content\/uploads\/2023\/06\/IMG-20230610-WA0014-300x225.jpg 300w, https:\/\/aiie.valahia.ro\/wp-content\/uploads\/2023\/06\/IMG-20230610-WA0014-768x576.jpg 768w, https:\/\/aiie.valahia.ro\/wp-content\/uploads\/2023\/06\/IMG-20230610-WA0014-1536x1152.jpg 1536w, https:\/\/aiie.valahia.ro\/wp-content\/uploads\/2023\/06\/IMG-20230610-WA0014-360x270.jpg 360w, https:\/\/aiie.valahia.ro\/wp-content\/uploads\/2023\/06\/IMG-20230610-WA0014.jpg 1600w\" sizes=\"auto, (max-width: 1024px) 100vw, 1024px\" \/><\/figure>\n\n\n\n<figure class=\"wp-block-image size-large\"><img loading=\"lazy\" decoding=\"async\" width=\"1024\" height=\"768\" data-id=\"503\" src=\"https:\/\/aiie.valahia.ro\/wp-content\/uploads\/2023\/06\/IMG-20230610-WA0018-1024x768.jpg\" alt=\"\" class=\"wp-image-503\" srcset=\"https:\/\/aiie.valahia.ro\/wp-content\/uploads\/2023\/06\/IMG-20230610-WA0018-1024x768.jpg 1024w, https:\/\/aiie.valahia.ro\/wp-content\/uploads\/2023\/06\/IMG-20230610-WA0018-300x225.jpg 300w, https:\/\/aiie.valahia.ro\/wp-content\/uploads\/2023\/06\/IMG-20230610-WA0018-768x576.jpg 768w, https:\/\/aiie.valahia.ro\/wp-content\/uploads\/2023\/06\/IMG-20230610-WA0018-1536x1152.jpg 1536w, https:\/\/aiie.valahia.ro\/wp-content\/uploads\/2023\/06\/IMG-20230610-WA0018-360x270.jpg 360w, https:\/\/aiie.valahia.ro\/wp-content\/uploads\/2023\/06\/IMG-20230610-WA0018.jpg 2048w\" sizes=\"auto, (max-width: 1024px) 100vw, 1024px\" \/><\/figure>\n<\/figure>\n","protected":false},"excerpt":{"rendered":"<p>Cea de-a IV-a edi\u021bie a Sesiunii de Comunic\u0103ri \u0218tin\u021bifice Studen\u021be\u0219ti \u201dControl Automatizat \u0219i Informatic\u0103 Aplicat\u0103 \u00een procese de laborator \u0219i industriale\u201d \u2013 CAIA 2023, organizat\u0103 de Departamentul de Automatic\u0103, Informatic\u0103 \u0219i Inginerie Electric\u0103 (DAIIE) din Universitatea Valahia din T\u00e2rgovi\u0219te (UVT), <a href=\"https:\/\/aiie.valahia.ro\/index.php\/caia-2023\/\" class=\"read-more\">Cite\u0219te mai mult &#8230;<\/a><\/p>\n","protected":false},"author":1,"featured_media":0,"parent":0,"menu_order":0,"comment_status":"closed","ping_status":"closed","template":"","meta":{"footnotes":""},"class_list":["post-441","page","type-page","status-publish","hentry"],"_links":{"self":[{"href":"https:\/\/aiie.valahia.ro\/index.php\/wp-json\/wp\/v2\/pages\/441","targetHints":{"allow":["GET"]}}],"collection":[{"href":"https:\/\/aiie.valahia.ro\/index.php\/wp-json\/wp\/v2\/pages"}],"about":[{"href":"https:\/\/aiie.valahia.ro\/index.php\/wp-json\/wp\/v2\/types\/page"}],"author":[{"embeddable":true,"href":"https:\/\/aiie.valahia.ro\/index.php\/wp-json\/wp\/v2\/users\/1"}],"replies":[{"embeddable":true,"href":"https:\/\/aiie.valahia.ro\/index.php\/wp-json\/wp\/v2\/comments?post=441"}],"version-history":[{"count":31,"href":"https:\/\/aiie.valahia.ro\/index.php\/wp-json\/wp\/v2\/pages\/441\/revisions"}],"predecessor-version":[{"id":659,"href":"https:\/\/aiie.valahia.ro\/index.php\/wp-json\/wp\/v2\/pages\/441\/revisions\/659"}],"wp:attachment":[{"href":"https:\/\/aiie.valahia.ro\/index.php\/wp-json\/wp\/v2\/media?parent=441"}],"curies":[{"name":"wp","href":"https:\/\/api.w.org\/{rel}","templated":true}]}}