{"id":50,"date":"2019-11-17T12:06:32","date_gmt":"2019-11-17T12:06:32","guid":{"rendered":"https:\/\/aiie.valahia.ro\/?page_id=50"},"modified":"2025-10-22T15:31:20","modified_gmt":"2025-10-22T12:31:20","slug":"automatica-si-informatica-aplicata","status":"publish","type":"page","link":"https:\/\/aiie.valahia.ro\/index.php\/automatica-si-informatica-aplicata\/","title":{"rendered":"Automatic\u0103 \u0219i Informatic\u0103 Aplicat\u0103"},"content":{"rendered":"\n<p><a href=\"https:\/\/aiie.valahia.ro\/wp-content\/uploads\/2025\/10\/Plan_invatamant_LAI_2025-2029.pdf\" target=\"_blank\" rel=\"noreferrer noopener\">Plan de \u00eenv\u0103\u021b\u0103m\u00e2nt (2025)<\/a><\/p>\n\n\n\n<p><a href=\"https:\/\/aiie.valahia.ro\/wp-content\/uploads\/2025\/10\/RI_LAI_2025091601.pdf\" target=\"_blank\" rel=\"noreferrer noopener\">Rezultatele \u00eenv\u0103\u021b\u0103rii (2025)<\/a><\/p>\n\n\n\n<p><a href=\"https:\/\/aiie.valahia.ro\/wp-content\/uploads\/2025\/10\/Fise_LAI_2025-2026.pdf\" target=\"_blank\" rel=\"noreferrer noopener\">Fi\u0219e de disciplin\u0103 2025-2026<\/a><\/p>\n\n\n\n<hr class=\"wp-block-separator has-alpha-channel-opacity\"\/>\n\n\n\n<p><a href=\"https:\/\/aiie.valahia.ro\/wp-content\/uploads\/2024\/10\/Plan_LAI_2024.pdf\" target=\"_blank\" rel=\"noreferrer noopener\">Plan de \u00eenv\u0103\u021b\u0103m\u00e2nt (2024)<\/a><\/p>\n\n\n\n<p><a href=\"https:\/\/aiie.valahia.ro\/wp-content\/uploads\/2023\/02\/Grila-1-LAI_2022.pdf\" target=\"_blank\" rel=\"noreferrer noopener\">Grila 1 \u2013 Descrierea programului de studii prin competen\u021be profesionale \u015fi competen\u021be transversale<\/a><\/p>\n\n\n\n<p><a href=\"https:\/\/aiie.valahia.ro\/wp-content\/uploads\/2023\/02\/Grila2_LAI_2022.pdf\" target=\"_blank\" rel=\"noreferrer noopener\">Grila  2 \u2013 Stabilirea corela\u021biilor dintre competen\u021bele profesionale \u0219i  competen\u021bele transversale \u015fi ariile de con\u021binut, disciplinele de studiu  \u0219i creditele alocate<\/a><\/p>\n\n\n\n<p><a href=\"https:\/\/aiie.valahia.ro\/wp-content\/uploads\/2023\/02\/Plan-LAI-2022.pdf\" target=\"_blank\" rel=\"noreferrer noopener\">Plan de \u00eenv\u0103\u021b\u0103m\u00e2nt (2022)<\/a><\/p>\n\n\n\n<p><a rel=\"noreferrer noopener\" href=\"https:\/\/aiie.valahia.ro\/wp-content\/uploads\/2021\/11\/scan-plan-inv-AIA-2021.pdf\" target=\"_blank\">Plan de \u00eenv\u0103\u021b\u0103m\u00e2nt (2021)<\/a><a rel=\"noreferrer noopener\" style=\"pointer-events: none;\" href=\"https:\/\/aiie.valahia.ro\/wp-content\/uploads\/2021\/11\/scan-plan-inv-AIA-2021.pdf\" target=\"_blank\"><\/a><\/p>\n\n\n\n<p><a rel=\"noreferrer noopener\" aria-label=\"Plan de \u00eenv\u0103\u021b\u0103m\u00e2nt (se deschide \u00eentr-o fil\u0103 nou\u0103)\" href=\"https:\/\/aiie.valahia.ro\/wp-content\/uploads\/2019\/11\/Plan_inv_LAI-2018-2019.pdf\" target=\"_blank\">Plan de \u00eenv\u0103\u021b\u0103m\u00e2nt (2018)<\/a><\/p>\n\n\n\n<p>Fi\u0219e de disciplin\u0103 valabile 2022-2023: <a rel=\"noreferrer noopener\" href=\"https:\/\/aiie.valahia.ro\/wp-content\/uploads\/2023\/02\/Fise-discipline-2022-2023_LAI-I.pdf\" target=\"_blank\">Anul 1<\/a>, <a rel=\"noreferrer noopener\" href=\"https:\/\/aiie.valahia.ro\/wp-content\/uploads\/2023\/02\/Fise-discipline-2022-2023_LAI-II.pdf\" target=\"_blank\">Anul 2<\/a>, <a href=\"https:\/\/aiie.valahia.ro\/wp-content\/uploads\/2023\/02\/Fise-discipline-2022-2023_LAI-III.pdf\" target=\"_blank\" rel=\"noreferrer noopener\">Anul 3<\/a>, <a href=\"https:\/\/aiie.valahia.ro\/wp-content\/uploads\/2023\/02\/Fise-discipline-2022-2023_LAI-IV.pdf\" target=\"_blank\" rel=\"noreferrer noopener\">Anul 4<\/a><\/p>\n","protected":false},"excerpt":{"rendered":"<p>Plan de \u00eenv\u0103\u021b\u0103m\u00e2nt (2025) Rezultatele \u00eenv\u0103\u021b\u0103rii (2025) Fi\u0219e de disciplin\u0103 2025-2026 Plan de \u00eenv\u0103\u021b\u0103m\u00e2nt (2024) Grila 1 \u2013 Descrierea programului de studii prin competen\u021be profesionale \u015fi competen\u021be transversale Grila 2 \u2013 Stabilirea corela\u021biilor dintre competen\u021bele profesionale \u0219i competen\u021bele transversale \u015fi <a href=\"https:\/\/aiie.valahia.ro\/index.php\/automatica-si-informatica-aplicata\/\" class=\"read-more\">Cite\u0219te mai mult &#8230;<\/a><\/p>\n","protected":false},"author":1,"featured_media":0,"parent":0,"menu_order":0,"comment_status":"closed","ping_status":"closed","template":"","meta":{"footnotes":""},"class_list":["post-50","page","type-page","status-publish","hentry"],"_links":{"self":[{"href":"https:\/\/aiie.valahia.ro\/index.php\/wp-json\/wp\/v2\/pages\/50","targetHints":{"allow":["GET"]}}],"collection":[{"href":"https:\/\/aiie.valahia.ro\/index.php\/wp-json\/wp\/v2\/pages"}],"about":[{"href":"https:\/\/aiie.valahia.ro\/index.php\/wp-json\/wp\/v2\/types\/page"}],"author":[{"embeddable":true,"href":"https:\/\/aiie.valahia.ro\/index.php\/wp-json\/wp\/v2\/users\/1"}],"replies":[{"embeddable":true,"href":"https:\/\/aiie.valahia.ro\/index.php\/wp-json\/wp\/v2\/comments?post=50"}],"version-history":[{"count":15,"href":"https:\/\/aiie.valahia.ro\/index.php\/wp-json\/wp\/v2\/pages\/50\/revisions"}],"predecessor-version":[{"id":852,"href":"https:\/\/aiie.valahia.ro\/index.php\/wp-json\/wp\/v2\/pages\/50\/revisions\/852"}],"wp:attachment":[{"href":"https:\/\/aiie.valahia.ro\/index.php\/wp-json\/wp\/v2\/media?parent=50"}],"curies":[{"name":"wp","href":"https:\/\/api.w.org\/{rel}","templated":true}]}}