{"id":52,"date":"2019-11-17T12:07:44","date_gmt":"2019-11-17T12:07:44","guid":{"rendered":"https:\/\/aiie.valahia.ro\/?page_id=52"},"modified":"2025-10-22T15:32:06","modified_gmt":"2025-10-22T12:32:06","slug":"electrotehnica","status":"publish","type":"page","link":"https:\/\/aiie.valahia.ro\/index.php\/electrotehnica\/","title":{"rendered":"Electrotehnic\u0103"},"content":{"rendered":"\n<p><a href=\"https:\/\/aiie.valahia.ro\/wp-content\/uploads\/2025\/10\/Plan_LET_2025.pdf\" target=\"_blank\" rel=\"noreferrer noopener\">Plan de \u00eenv\u0103\u021b\u0103m\u00e2nt (2025)<\/a><\/p>\n\n\n\n<p><a href=\"https:\/\/aiie.valahia.ro\/wp-content\/uploads\/2025\/10\/RI_LET_2025092601.pdf\" target=\"_blank\" rel=\"noreferrer noopener\">Rezultatele \u00eenv\u0103\u021b\u0103rii (2025)<\/a><\/p>\n\n\n\n<p><a href=\"https:\/\/aiie.valahia.ro\/wp-content\/uploads\/2025\/10\/Fise_LET_2025-2026.pdf\" target=\"_blank\" rel=\"noreferrer noopener\">Fi\u0219e de disciplin\u0103 2025-2026<\/a><\/p>\n\n\n\n<hr class=\"wp-block-separator has-alpha-channel-opacity\"\/>\n\n\n\n<p><a href=\"https:\/\/aiie.valahia.ro\/wp-content\/uploads\/2024\/10\/Plan_LET_2024.pdf\" target=\"_blank\" rel=\"noreferrer noopener\">Plan de \u00eenv\u0103\u021b\u0103m\u00e2nt (2024)<\/a><\/p>\n\n\n\n<p><a href=\"https:\/\/aiie.valahia.ro\/wp-content\/uploads\/2019\/11\/Grila1_LET.pdf\" target=\"_blank\" rel=\"noreferrer noopener\" aria-label=\"Grila 1 \u2013 Descrierea programului de studii prin competen\u021be profesionale \u015fi competen\u021be transversale (se deschide \u00eentr-o fil\u0103 nou\u0103)\">Grila 1 \u2013 Descrierea programului de studii prin competen\u021be profesionale \u015fi competen\u021be transversale<\/a><\/p>\n\n\n\n<p><a rel=\"noreferrer noopener\" aria-label=\"Grila 2 - Stabilirea corela\u021biilor dintre competen\u021bele profesionale \u0219i competen\u021bele transversale \u015fi ariile de con\u021binut, disciplinele de studiu \u0219i creditele alocate (se deschide \u00eentr-o fil\u0103 nou\u0103)\" href=\"https:\/\/aiie.valahia.ro\/wp-content\/uploads\/2019\/11\/Grila2_LET_2018.pdf\" target=\"_blank\">Grila 2 &#8211; Stabilirea corela\u021biilor dintre competen\u021bele profesionale \u0219i competen\u021bele transversale \u015fi ariile de con\u021binut, disciplinele de studiu \u0219i creditele alocate<\/a><\/p>\n\n\n\n<p><a href=\"https:\/\/aiie.valahia.ro\/wp-content\/uploads\/2021\/11\/scan-plan-inv-EH-2021.pdf\" target=\"_blank\" rel=\"noreferrer noopener\">Plan de \u00eenv\u0103\u021b\u0103m\u00e2nt (2021)<\/a><\/p>\n\n\n\n<p><a rel=\"noreferrer noopener\" aria-label=\"Plan de \u00eenv\u0103\u021b\u0103m\u00e2nt (se deschide \u00eentr-o fil\u0103 nou\u0103)\" href=\"https:\/\/aiie.valahia.ro\/wp-content\/uploads\/2019\/11\/Plan_Invatamant_LET_2018-2019.pdf\" target=\"_blank\">Plan de \u00eenv\u0103\u021b\u0103m\u00e2nt (2018)<\/a><\/p>\n\n\n\n<p>Fi\u0219e de disciplin\u0103 2022-2023: <a href=\"#\">Anul 1<\/a>, <a href=\"#\">Anul 2<\/a>, <a href=\"#\">Anul 3<\/a>, <a href=\"#\">Anul 4<\/a>.<\/p>\n","protected":false},"excerpt":{"rendered":"<p>Plan de \u00eenv\u0103\u021b\u0103m\u00e2nt (2025) Rezultatele \u00eenv\u0103\u021b\u0103rii (2025) Fi\u0219e de disciplin\u0103 2025-2026 Plan de \u00eenv\u0103\u021b\u0103m\u00e2nt (2024) Grila 1 \u2013 Descrierea programului de studii prin competen\u021be profesionale \u015fi competen\u021be transversale Grila 2 &#8211; Stabilirea corela\u021biilor dintre competen\u021bele profesionale \u0219i competen\u021bele transversale \u015fi <a href=\"https:\/\/aiie.valahia.ro\/index.php\/electrotehnica\/\" class=\"read-more\">Cite\u0219te mai mult &#8230;<\/a><\/p>\n","protected":false},"author":1,"featured_media":0,"parent":0,"menu_order":0,"comment_status":"closed","ping_status":"closed","template":"","meta":{"footnotes":""},"class_list":["post-52","page","type-page","status-publish","hentry"],"_links":{"self":[{"href":"https:\/\/aiie.valahia.ro\/index.php\/wp-json\/wp\/v2\/pages\/52","targetHints":{"allow":["GET"]}}],"collection":[{"href":"https:\/\/aiie.valahia.ro\/index.php\/wp-json\/wp\/v2\/pages"}],"about":[{"href":"https:\/\/aiie.valahia.ro\/index.php\/wp-json\/wp\/v2\/types\/page"}],"author":[{"embeddable":true,"href":"https:\/\/aiie.valahia.ro\/index.php\/wp-json\/wp\/v2\/users\/1"}],"replies":[{"embeddable":true,"href":"https:\/\/aiie.valahia.ro\/index.php\/wp-json\/wp\/v2\/comments?post=52"}],"version-history":[{"count":9,"href":"https:\/\/aiie.valahia.ro\/index.php\/wp-json\/wp\/v2\/pages\/52\/revisions"}],"predecessor-version":[{"id":853,"href":"https:\/\/aiie.valahia.ro\/index.php\/wp-json\/wp\/v2\/pages\/52\/revisions\/853"}],"wp:attachment":[{"href":"https:\/\/aiie.valahia.ro\/index.php\/wp-json\/wp\/v2\/media?parent=52"}],"curies":[{"name":"wp","href":"https:\/\/api.w.org\/{rel}","templated":true}]}}