{"id":56,"date":"2019-11-17T12:11:43","date_gmt":"2019-11-17T12:11:43","guid":{"rendered":"https:\/\/aiie.valahia.ro\/?page_id=56"},"modified":"2025-10-22T15:33:43","modified_gmt":"2025-10-22T12:33:43","slug":"sisteme-si-echipamente-moderne-in-producerea-si-utilizarea-energiei","status":"publish","type":"page","link":"https:\/\/aiie.valahia.ro\/index.php\/sisteme-si-echipamente-moderne-in-producerea-si-utilizarea-energiei\/","title":{"rendered":"Sisteme \u0219i Echipamente Moderne \u00een Producerea \u0219i Utilizarea Energiei"},"content":{"rendered":"\n<p><a href=\"https:\/\/aiie.valahia.ro\/wp-content\/uploads\/2025\/10\/Plan_MEM_2025.pdf\" target=\"_blank\" rel=\"noreferrer noopener\">Plan de \u00eenv\u0103\u021b\u0103m\u00e2nt (2025)<\/a><\/p>\n\n\n\n<p><a href=\"https:\/\/aiie.valahia.ro\/wp-content\/uploads\/2025\/10\/RI_MEM_2025092601.pdf\" target=\"_blank\" rel=\"noreferrer noopener\">Rezultatele \u00eenv\u0103\u021b\u0103rii (2025)<\/a><\/p>\n\n\n\n<p><a href=\"https:\/\/aiie.valahia.ro\/wp-content\/uploads\/2025\/10\/Fise_MEM_2025-2026.pdf\" target=\"_blank\" rel=\"noreferrer noopener\">Fi\u0219e de disciplin\u0103 2025-2026<\/a><\/p>\n\n\n\n<hr class=\"wp-block-separator has-alpha-channel-opacity\"\/>\n\n\n\n<p><a href=\"https:\/\/aiie.valahia.ro\/wp-content\/uploads\/2024\/10\/Plan_MEM_2024.pdf\" target=\"_blank\" rel=\"noreferrer noopener\">Plan de \u00eenv\u0103\u021b\u0103m\u00e2nt (2024)<\/a><\/p>\n\n\n\n<p><a href=\"https:\/\/aiie.valahia.ro\/wp-content\/uploads\/2021\/11\/Grila-1-MEM.pdf\">Grila 1 \u2013 Descrierea programului de studii prin competen\u021be profesionale \u015fi competen\u021be transversale<\/a><\/p>\n\n\n\n<p><a href=\"https:\/\/aiie.valahia.ro\/wp-content\/uploads\/2021\/11\/Grila-2-MEM.pdf\" target=\"_blank\" rel=\"noreferrer noopener\">Grila 2 \u2013 Stabilirea corela\u021biilor dintre competen\u021bele profesionale \u0219i competen\u021bele transversale \u015fi ariile de con\u021binut, disciplinele de studiu \u0219i creditele alocate<\/a><\/p>\n\n\n\n<p><a href=\"https:\/\/aiie.valahia.ro\/wp-content\/uploads\/2023\/02\/Plan-MEM-2022.pdf\">Plan de \u00eenv\u0103\u021b\u0103m\u00e2nt (2022)<\/a><\/p>\n\n\n\n<p><a href=\"https:\/\/aiie.valahia.ro\/wp-content\/uploads\/2021\/11\/scan-plan-inv-SEM-2021.pdf\">Plan de \u00eenv\u0103\u021b\u0103m\u00e2nt (2020)<\/a><\/p>\n\n\n\n<p><a rel=\"noreferrer noopener\" href=\"https:\/\/aiie.valahia.ro\/wp-content\/uploads\/2020\/11\/SCAN-PLAN-INV-SEM-2020.pdf\" target=\"_blank\">Plan de \u00eenv\u0103\u021b\u0103m\u00e2nt (2019)<\/a><\/p>\n\n\n\n<p>Fi\u0219e de disciplin\u0103 2022-2023: <a href=\"#\">Anul 1<\/a>, <a href=\"#\">Anul 2<\/a>.<\/p>\n","protected":false},"excerpt":{"rendered":"<p>Plan de \u00eenv\u0103\u021b\u0103m\u00e2nt (2025) Rezultatele \u00eenv\u0103\u021b\u0103rii (2025) Fi\u0219e de disciplin\u0103 2025-2026 Plan de \u00eenv\u0103\u021b\u0103m\u00e2nt (2024) Grila 1 \u2013 Descrierea programului de studii prin competen\u021be profesionale \u015fi competen\u021be transversale Grila 2 \u2013 Stabilirea corela\u021biilor dintre competen\u021bele profesionale \u0219i competen\u021bele transversale \u015fi <a href=\"https:\/\/aiie.valahia.ro\/index.php\/sisteme-si-echipamente-moderne-in-producerea-si-utilizarea-energiei\/\" class=\"read-more\">Cite\u0219te mai mult &#8230;<\/a><\/p>\n","protected":false},"author":1,"featured_media":0,"parent":0,"menu_order":0,"comment_status":"closed","ping_status":"closed","template":"","meta":{"footnotes":""},"class_list":["post-56","page","type-page","status-publish","hentry"],"_links":{"self":[{"href":"https:\/\/aiie.valahia.ro\/index.php\/wp-json\/wp\/v2\/pages\/56","targetHints":{"allow":["GET"]}}],"collection":[{"href":"https:\/\/aiie.valahia.ro\/index.php\/wp-json\/wp\/v2\/pages"}],"about":[{"href":"https:\/\/aiie.valahia.ro\/index.php\/wp-json\/wp\/v2\/types\/page"}],"author":[{"embeddable":true,"href":"https:\/\/aiie.valahia.ro\/index.php\/wp-json\/wp\/v2\/users\/1"}],"replies":[{"embeddable":true,"href":"https:\/\/aiie.valahia.ro\/index.php\/wp-json\/wp\/v2\/comments?post=56"}],"version-history":[{"count":11,"href":"https:\/\/aiie.valahia.ro\/index.php\/wp-json\/wp\/v2\/pages\/56\/revisions"}],"predecessor-version":[{"id":855,"href":"https:\/\/aiie.valahia.ro\/index.php\/wp-json\/wp\/v2\/pages\/56\/revisions\/855"}],"wp:attachment":[{"href":"https:\/\/aiie.valahia.ro\/index.php\/wp-json\/wp\/v2\/media?parent=56"}],"curies":[{"name":"wp","href":"https:\/\/api.w.org\/{rel}","templated":true}]}}