{"id":579,"date":"2024-05-27T16:28:55","date_gmt":"2024-05-27T13:28:55","guid":{"rendered":"https:\/\/aiie.valahia.ro\/?page_id=579"},"modified":"2024-06-17T03:16:21","modified_gmt":"2024-06-17T00:16:21","slug":"caia-2024","status":"publish","type":"page","link":"https:\/\/aiie.valahia.ro\/index.php\/caia-2024\/","title":{"rendered":"CAIA 2024"},"content":{"rendered":"\n<figure class=\"wp-block-image size-large is-resized\"><img loading=\"lazy\" decoding=\"async\" width=\"1024\" height=\"493\" src=\"https:\/\/aiie.valahia.ro\/wp-content\/uploads\/2024\/05\/Logo-1024x493.png\" alt=\"\" class=\"wp-image-584\" style=\"width:312px;height:auto\" srcset=\"https:\/\/aiie.valahia.ro\/wp-content\/uploads\/2024\/05\/Logo-1024x493.png 1024w, https:\/\/aiie.valahia.ro\/wp-content\/uploads\/2024\/05\/Logo-300x145.png 300w, https:\/\/aiie.valahia.ro\/wp-content\/uploads\/2024\/05\/Logo-768x370.png 768w, https:\/\/aiie.valahia.ro\/wp-content\/uploads\/2024\/05\/Logo-1536x740.png 1536w, https:\/\/aiie.valahia.ro\/wp-content\/uploads\/2024\/05\/Logo-2048x987.png 2048w, https:\/\/aiie.valahia.ro\/wp-content\/uploads\/2024\/05\/Logo-360x173.png 360w\" sizes=\"auto, (max-width: 1024px) 100vw, 1024px\" \/><\/figure>\n\n\n\n<p class=\"has-text-align-left\">Cea de-<strong>a V-a edi\u021bie<\/strong> a Sesiunii de Comunic\u0103ri \u0218tin\u021bifice Studen\u021be\u0219ti <strong>\u201dControl Automatizat \u0219i Informatic\u0103 Aplicat\u0103 \u00een procese de laborator \u0219i industriale\u201d \u2013 CAIA 2024<\/strong>, organizat\u0103 de Departamentul de Automatic\u0103, Informatic\u0103 \u0219i Inginerie Electric\u0103 (DAIIE) din Universitatea Valahia din T\u00e2rgovi\u0219te (UVT), este destinat\u0103 studen\u021bilor din ciclurile de licen\u021b\u0103, masterat \u0219i doctorat din domeniile: <strong>Ingineria Sistemelor<\/strong> \u0219i <strong>Inginerie Electric\u0103<\/strong>.<\/p>\n\n\n\n<p class=\"has-text-align-left\">\u00cen cadrul manifest\u0103rii se vor prezenta lucr\u0103ri teoretice \u0219i practice din ariile tematice: automatiz\u0103ri ale proceselor industriale \u0219i de laborator, robotic\u0103,&nbsp;informatic\u0103 aplicat\u0103, inginerie electric\u0103 \u0219i surse regenerabile.<\/p>\n\n\n\n<p class=\"has-text-align-left\">\u00cen acela\u0219i timp se va derula \u0219i cea de-<strong>a XVII-a edi\u021bie<\/strong> a Concursului tematic \u0219tiin\u021bific studen\u021besc \u201e<strong>ROBO\u0162I \u00ceN AC\u0162IUNE<\/strong>\u201d.<\/p>\n\n\n\n<p class=\"has-text-align-left\">Sesiunea de comunic\u0103ri \u0219tiin\u021bifice studen\u021be\u0219ti va include <strong>dou\u0103 sec\u021biuni principale<\/strong>: <\/p>\n\n\n\n<ul class=\"wp-block-list\">\n<li>sec\u021biunea <strong>juniori <\/strong>(se adreseaz\u0103 studen\u021bilor din ciclul licen\u021b\u0103)<\/li>\n\n\n\n<li>sec\u021biunea <strong>seniori <\/strong>(se adreseaz\u0103 studen\u021bilor din ciclul master\/doctorat)<\/li>\n<\/ul>\n\n\n\n<p class=\"has-text-align-left\">\u00cen cadrul fiec\u0103reia dintre cele dou\u0103 sec\u021biuni <strong>vor fi premiate cele mai bune lucr\u0103ri (trei per sec\u021biune)<\/strong>.<\/p>\n\n\n\n<p>Forme de prezentare a lucr\u0103rilor:<\/p>\n\n\n\n<ul class=\"wp-block-list\">\n<li>Prezentare oral\u0103 (juniori \u0219i seniori)<\/li>\n\n\n\n<li>Poster (seniori)<\/li>\n<\/ul>\n\n\n\n<p>Data: 7 iunie, 2024, ora 9:00<\/p>\n\n\n\n<p>Loca\u021bia: Biblioteca ICSTM, et. 2, Campus UVT (Str. Aleea Sinaia, nr. 13, 130004 Targoviste, Dambovita)<\/p>\n\n\n\n<p><\/p>\n\n\n\n<h2 class=\"wp-block-heading\"><strong>Formular de \u00eenscriere<\/strong><\/h2>\n\n\n\n<p><a href=\"https:\/\/forms.gle\/HMvxJ73EfiCEfGht5\">https:\/\/forms.gle\/HMvxJ73EfiCEfGht5<\/a><\/p>\n\n\n\n<figure class=\"wp-block-image size-large is-resized\"><img loading=\"lazy\" decoding=\"async\" width=\"1024\" height=\"1024\" src=\"https:\/\/aiie.valahia.ro\/wp-content\/uploads\/2024\/05\/qr-code_Formular_inscriere_2024-1024x1024.png\" alt=\"\" class=\"wp-image-585\" style=\"width:193px;height:auto\" srcset=\"https:\/\/aiie.valahia.ro\/wp-content\/uploads\/2024\/05\/qr-code_Formular_inscriere_2024-1024x1024.png 1024w, https:\/\/aiie.valahia.ro\/wp-content\/uploads\/2024\/05\/qr-code_Formular_inscriere_2024-300x300.png 300w, https:\/\/aiie.valahia.ro\/wp-content\/uploads\/2024\/05\/qr-code_Formular_inscriere_2024-150x150.png 150w, https:\/\/aiie.valahia.ro\/wp-content\/uploads\/2024\/05\/qr-code_Formular_inscriere_2024-768x768.png 768w, https:\/\/aiie.valahia.ro\/wp-content\/uploads\/2024\/05\/qr-code_Formular_inscriere_2024-270x270.png 270w, https:\/\/aiie.valahia.ro\/wp-content\/uploads\/2024\/05\/qr-code_Formular_inscriere_2024.png 1155w\" sizes=\"auto, (max-width: 1024px) 100vw, 1024px\" \/><\/figure>\n\n\n\n<h2 class=\"wp-block-heading\"><strong>Domenii \u0219i direc\u021bii \u0219tiin\u021bifice<\/strong><\/h2>\n\n\n\n<div class=\"wp-block-columns is-layout-flex wp-container-core-columns-is-layout-9d6595d7 wp-block-columns-is-layout-flex\">\n<div class=\"wp-block-column is-layout-flow wp-block-column-is-layout-flow\">\n<p># <em>Automatic\u0103<\/em><\/p>\n\n\n\n<ul class=\"wp-block-list\">\n<li>Proiectarea sistemelor liniare \u0219i neliniare<\/li>\n\n\n\n<li>Controlul avansat al proceselor<\/li>\n\n\n\n<li>Robotic\u0103 \u0219i control inteligent<\/li>\n\n\n\n<li>Aplica\u021bii \u0219i studii de caz \u00een automatizare \u0219i robotic\u0103<\/li>\n\n\n\n<li>Sisteme integrate<\/li>\n\n\n\n<li>Aplica\u021bii de timp real<\/li>\n\n\n\n<li>Sisteme cu microprocesor<\/li>\n<\/ul>\n\n\n\n<p># <em>Informatic\u0103 Aplicat\u0103<\/em><\/p>\n\n\n\n<ul class=\"wp-block-list\">\n<li>Inginerie Software<\/li>\n\n\n\n<li>Baze de date, programe \u0219i sisteme expert<\/li>\n\n\n\n<li>Servicii Web<\/li>\n\n\n\n<li>Securitatea sistemelor informatice<\/li>\n\n\n\n<li>Inteligen\u021b\u0103 artificial\u0103<\/li>\n\n\n\n<li>Realitate virtual\u0103 \u0219i realitate augmentat\u0103<\/li>\n<\/ul>\n<\/div>\n\n\n\n<div class=\"wp-block-column is-layout-flow wp-block-column-is-layout-flow\">\n<p># <em>Tehnologii<\/em> <em>moderne \u00een ingineria electric\u0103<\/em><\/p>\n\n\n\n<ul class=\"wp-block-list\">\n<li>Convertoare electromecanice<\/li>\n\n\n\n<li>Echipamente \u0219i instala\u021bii electrice<\/li>\n\n\n\n<li>Ma\u0219ini electrice neconven\u021bionale<\/li>\n\n\n\n<li>Echipamente de comuta\u021bie inteligente<\/li>\n\n\n\n<li>Electrotehnologii<\/li>\n\n\n\n<li>Sisteme electroluminoase \u0219i iluminat electric<\/li>\n\n\n\n<li>Transmiterea wireless a energiei electromagnetice<\/li>\n\n\n\n<li>Modelarea electromagnetic\u0103 \u0219i termic\u0103&nbsp; a sistemelor electrice<\/li>\n<\/ul>\n\n\n\n<p># <em>Generarea energiei electrice din surse regenerabile \u0219i nepoluante<\/em><\/p>\n\n\n\n<ul class=\"wp-block-list\">\n<li>Surse regenerabile de energie<\/li>\n\n\n\n<li>Proiectarea sistemelor cu surse regenerabile<\/li>\n\n\n\n<li>Microtehnologii utilizate \u00een domeniul energiei solare<\/li>\n\n\n\n<li>Sisteme fotovoltaice<\/li>\n\n\n\n<li>Sisteme termoelectrice aplicate<\/li>\n<\/ul>\n<\/div>\n<\/div>\n\n\n\n<p><strong><a href=\"https:\/\/aiie.valahia.ro\/wp-content\/uploads\/2024\/06\/Program-CAIA-2024.pdf\">Program CAIA 2024<\/a><\/strong><\/p>\n\n\n\n<h2 class=\"wp-block-heading\">Premii<\/h2>\n\n\n\n<div class=\"wp-block-columns is-layout-flex wp-container-core-columns-is-layout-9d6595d7 wp-block-columns-is-layout-flex\">\n<div class=\"wp-block-column is-layout-flow wp-block-column-is-layout-flow\">\n<h2 class=\"wp-block-heading\">Sec\u021biunea juniori<\/h2>\n\n\n\n<ul class=\"wp-block-list\">\n<li><strong>Premiul I &#8211; ION Ovidiu-Cosmin<\/strong>, Automatic\u0103 \u0219i Informatic\u0103 Aplicat\u0103, Anul IV, Lucrarea: Aplica\u021bie medical\u0103 &#8211; Monitorizare \u0219i back-up<\/li>\n\n\n\n<li><strong>Premiul II &#8211; IORDACHE Lucian Daniel<\/strong>, Automatic\u0103 \u0219i Informatic\u0103 Aplicat\u0103, Anul IV, Lucrarea: Aplica\u021bie mobil\u0103 de recunoa\u0219tere a pieselor utilizate \u00een automatiz\u0103ri<\/li>\n\n\n\n<li><strong>Premiul III &#8211; ZAMFIROIU George-Sebastian<\/strong>, Automatic\u0103 \u0219i Informatic\u0103 Aplicat\u0103, Anul IV, Lucrarea: Sistem de gestionare a informa\u021biilor \u0219i evenimentelor de securitate<\/li>\n<\/ul>\n<\/div>\n\n\n\n<div class=\"wp-block-column is-layout-flow wp-block-column-is-layout-flow\">\n<h2 class=\"wp-block-heading\">Sec\u021biunea seniori<\/h2>\n\n\n\n<ul class=\"wp-block-list\">\n<li><strong>Premiul I &#8211; <strong>GRIGORE George Iulian<\/strong><\/strong>, Automatic\u0103 Avansat\u0103, Productic\u0103 \u0219i Informatic\u0103 Aplicat\u0103, Anul I, Lucrarea: Detectarea obiectelor cu re\u021bele neuronale convolu\u021bionale<\/li>\n\n\n\n<li><strong>Premiul II &#8211; <strong>NISTORIC\u0102 Ionu\u021b-Costin<\/strong><\/strong>, Automatic\u0103 Avansat\u0103, Productic\u0103 \u0219i Informatic\u0103 Aplicat\u0103, Anul I, Lucrarea: Implementarea cu ajutorul inteligen\u021bei artificiale a asisten\u021bilor virtuali baza\u021bi pe recunoa\u0219terea vocal\u0103<\/li>\n\n\n\n<li><strong>Premiul III &#8211; <strong>ARZOIU Leontina Filofteia<\/strong><\/strong>, Automatic\u0103 Avansat\u0103, Productic\u0103 \u015fi Informatic\u0103 Industrial\u0103, Anul II, Lucrarea: Implementarea \u0219i integrarea IOT pentru dezvoltarea conceptului de SMART City<\/li>\n<\/ul>\n<\/div>\n<\/div>\n\n\n\n<figure class=\"wp-block-gallery has-nested-images columns-default is-cropped wp-block-gallery-1 is-layout-flex wp-block-gallery-is-layout-flex\">\n<figure class=\"wp-block-image size-large\"><img loading=\"lazy\" decoding=\"async\" width=\"1024\" height=\"771\" data-id=\"607\" src=\"https:\/\/aiie.valahia.ro\/wp-content\/uploads\/2024\/06\/FFCN5489-1024x771.jpg\" alt=\"\" class=\"wp-image-607\" srcset=\"https:\/\/aiie.valahia.ro\/wp-content\/uploads\/2024\/06\/FFCN5489-1024x771.jpg 1024w, https:\/\/aiie.valahia.ro\/wp-content\/uploads\/2024\/06\/FFCN5489-300x226.jpg 300w, https:\/\/aiie.valahia.ro\/wp-content\/uploads\/2024\/06\/FFCN5489-768x578.jpg 768w, https:\/\/aiie.valahia.ro\/wp-content\/uploads\/2024\/06\/FFCN5489-1536x1156.jpg 1536w, https:\/\/aiie.valahia.ro\/wp-content\/uploads\/2024\/06\/FFCN5489-360x270.jpg 360w, https:\/\/aiie.valahia.ro\/wp-content\/uploads\/2024\/06\/FFCN5489.jpg 1600w\" sizes=\"auto, (max-width: 1024px) 100vw, 1024px\" \/><\/figure>\n\n\n\n<figure class=\"wp-block-image size-large\"><img loading=\"lazy\" decoding=\"async\" width=\"1024\" height=\"771\" data-id=\"608\" src=\"https:\/\/aiie.valahia.ro\/wp-content\/uploads\/2024\/06\/IIUZ9653-1024x771.jpg\" alt=\"\" class=\"wp-image-608\" srcset=\"https:\/\/aiie.valahia.ro\/wp-content\/uploads\/2024\/06\/IIUZ9653-1024x771.jpg 1024w, https:\/\/aiie.valahia.ro\/wp-content\/uploads\/2024\/06\/IIUZ9653-300x226.jpg 300w, https:\/\/aiie.valahia.ro\/wp-content\/uploads\/2024\/06\/IIUZ9653-768x578.jpg 768w, https:\/\/aiie.valahia.ro\/wp-content\/uploads\/2024\/06\/IIUZ9653-1536x1156.jpg 1536w, https:\/\/aiie.valahia.ro\/wp-content\/uploads\/2024\/06\/IIUZ9653-360x270.jpg 360w, https:\/\/aiie.valahia.ro\/wp-content\/uploads\/2024\/06\/IIUZ9653.jpg 1600w\" sizes=\"auto, (max-width: 1024px) 100vw, 1024px\" \/><\/figure>\n\n\n\n<figure class=\"wp-block-image size-large\"><img loading=\"lazy\" decoding=\"async\" width=\"1024\" height=\"768\" data-id=\"611\" src=\"https:\/\/aiie.valahia.ro\/wp-content\/uploads\/2024\/06\/IMG_9685-1024x768.jpg\" alt=\"\" class=\"wp-image-611\" srcset=\"https:\/\/aiie.valahia.ro\/wp-content\/uploads\/2024\/06\/IMG_9685-1024x768.jpg 1024w, https:\/\/aiie.valahia.ro\/wp-content\/uploads\/2024\/06\/IMG_9685-300x225.jpg 300w, https:\/\/aiie.valahia.ro\/wp-content\/uploads\/2024\/06\/IMG_9685-768x576.jpg 768w, https:\/\/aiie.valahia.ro\/wp-content\/uploads\/2024\/06\/IMG_9685-1536x1152.jpg 1536w, https:\/\/aiie.valahia.ro\/wp-content\/uploads\/2024\/06\/IMG_9685-2048x1536.jpg 2048w, https:\/\/aiie.valahia.ro\/wp-content\/uploads\/2024\/06\/IMG_9685-360x270.jpg 360w\" sizes=\"auto, (max-width: 1024px) 100vw, 1024px\" \/><\/figure>\n\n\n\n<figure class=\"wp-block-image size-large\"><img loading=\"lazy\" decoding=\"async\" width=\"1024\" height=\"768\" data-id=\"612\" src=\"https:\/\/aiie.valahia.ro\/wp-content\/uploads\/2024\/06\/IMG_9689-1024x768.jpg\" alt=\"\" class=\"wp-image-612\" srcset=\"https:\/\/aiie.valahia.ro\/wp-content\/uploads\/2024\/06\/IMG_9689-1024x768.jpg 1024w, https:\/\/aiie.valahia.ro\/wp-content\/uploads\/2024\/06\/IMG_9689-300x225.jpg 300w, https:\/\/aiie.valahia.ro\/wp-content\/uploads\/2024\/06\/IMG_9689-768x576.jpg 768w, https:\/\/aiie.valahia.ro\/wp-content\/uploads\/2024\/06\/IMG_9689-1536x1152.jpg 1536w, https:\/\/aiie.valahia.ro\/wp-content\/uploads\/2024\/06\/IMG_9689-2048x1536.jpg 2048w, https:\/\/aiie.valahia.ro\/wp-content\/uploads\/2024\/06\/IMG_9689-360x270.jpg 360w\" sizes=\"auto, (max-width: 1024px) 100vw, 1024px\" \/><\/figure>\n\n\n\n<figure class=\"wp-block-image size-large\"><img loading=\"lazy\" decoding=\"async\" width=\"1024\" height=\"768\" data-id=\"610\" src=\"https:\/\/aiie.valahia.ro\/wp-content\/uploads\/2024\/06\/IMG_9691-1024x768.jpg\" alt=\"\" class=\"wp-image-610\" srcset=\"https:\/\/aiie.valahia.ro\/wp-content\/uploads\/2024\/06\/IMG_9691-1024x768.jpg 1024w, https:\/\/aiie.valahia.ro\/wp-content\/uploads\/2024\/06\/IMG_9691-300x225.jpg 300w, https:\/\/aiie.valahia.ro\/wp-content\/uploads\/2024\/06\/IMG_9691-768x576.jpg 768w, https:\/\/aiie.valahia.ro\/wp-content\/uploads\/2024\/06\/IMG_9691-1536x1152.jpg 1536w, https:\/\/aiie.valahia.ro\/wp-content\/uploads\/2024\/06\/IMG_9691-2048x1536.jpg 2048w, https:\/\/aiie.valahia.ro\/wp-content\/uploads\/2024\/06\/IMG_9691-360x270.jpg 360w\" sizes=\"auto, (max-width: 1024px) 100vw, 1024px\" \/><\/figure>\n\n\n\n<figure class=\"wp-block-image size-large\"><img loading=\"lazy\" decoding=\"async\" width=\"1024\" height=\"768\" data-id=\"609\" src=\"https:\/\/aiie.valahia.ro\/wp-content\/uploads\/2024\/06\/IMG_9695-1024x768.jpg\" alt=\"\" class=\"wp-image-609\" srcset=\"https:\/\/aiie.valahia.ro\/wp-content\/uploads\/2024\/06\/IMG_9695-1024x768.jpg 1024w, https:\/\/aiie.valahia.ro\/wp-content\/uploads\/2024\/06\/IMG_9695-300x225.jpg 300w, https:\/\/aiie.valahia.ro\/wp-content\/uploads\/2024\/06\/IMG_9695-768x576.jpg 768w, https:\/\/aiie.valahia.ro\/wp-content\/uploads\/2024\/06\/IMG_9695-1536x1152.jpg 1536w, https:\/\/aiie.valahia.ro\/wp-content\/uploads\/2024\/06\/IMG_9695-2048x1536.jpg 2048w, https:\/\/aiie.valahia.ro\/wp-content\/uploads\/2024\/06\/IMG_9695-360x270.jpg 360w\" sizes=\"auto, (max-width: 1024px) 100vw, 1024px\" \/><\/figure>\n\n\n\n<figure class=\"wp-block-image size-large\"><img loading=\"lazy\" decoding=\"async\" width=\"1024\" height=\"768\" data-id=\"613\" src=\"https:\/\/aiie.valahia.ro\/wp-content\/uploads\/2024\/06\/IMG-20240610-WA0008-1024x768.jpg\" alt=\"\" class=\"wp-image-613\" srcset=\"https:\/\/aiie.valahia.ro\/wp-content\/uploads\/2024\/06\/IMG-20240610-WA0008-1024x768.jpg 1024w, https:\/\/aiie.valahia.ro\/wp-content\/uploads\/2024\/06\/IMG-20240610-WA0008-300x225.jpg 300w, https:\/\/aiie.valahia.ro\/wp-content\/uploads\/2024\/06\/IMG-20240610-WA0008-768x576.jpg 768w, https:\/\/aiie.valahia.ro\/wp-content\/uploads\/2024\/06\/IMG-20240610-WA0008-1536x1152.jpg 1536w, https:\/\/aiie.valahia.ro\/wp-content\/uploads\/2024\/06\/IMG-20240610-WA0008-360x270.jpg 360w, https:\/\/aiie.valahia.ro\/wp-content\/uploads\/2024\/06\/IMG-20240610-WA0008.jpg 2048w\" sizes=\"auto, (max-width: 1024px) 100vw, 1024px\" \/><\/figure>\n\n\n\n<figure class=\"wp-block-image size-large\"><img loading=\"lazy\" decoding=\"async\" width=\"1024\" height=\"768\" data-id=\"614\" src=\"https:\/\/aiie.valahia.ro\/wp-content\/uploads\/2024\/06\/IMG-20240610-WA0015-1024x768.jpg\" alt=\"\" class=\"wp-image-614\" srcset=\"https:\/\/aiie.valahia.ro\/wp-content\/uploads\/2024\/06\/IMG-20240610-WA0015-1024x768.jpg 1024w, https:\/\/aiie.valahia.ro\/wp-content\/uploads\/2024\/06\/IMG-20240610-WA0015-300x225.jpg 300w, https:\/\/aiie.valahia.ro\/wp-content\/uploads\/2024\/06\/IMG-20240610-WA0015-768x576.jpg 768w, https:\/\/aiie.valahia.ro\/wp-content\/uploads\/2024\/06\/IMG-20240610-WA0015-1536x1152.jpg 1536w, https:\/\/aiie.valahia.ro\/wp-content\/uploads\/2024\/06\/IMG-20240610-WA0015-360x270.jpg 360w, https:\/\/aiie.valahia.ro\/wp-content\/uploads\/2024\/06\/IMG-20240610-WA0015.jpg 2048w\" sizes=\"auto, (max-width: 1024px) 100vw, 1024px\" \/><\/figure>\n\n\n\n<figure class=\"wp-block-image size-large\"><img loading=\"lazy\" decoding=\"async\" width=\"1024\" height=\"771\" data-id=\"615\" src=\"https:\/\/aiie.valahia.ro\/wp-content\/uploads\/2024\/06\/SJSK0679-1024x771.jpg\" alt=\"\" class=\"wp-image-615\" srcset=\"https:\/\/aiie.valahia.ro\/wp-content\/uploads\/2024\/06\/SJSK0679-1024x771.jpg 1024w, https:\/\/aiie.valahia.ro\/wp-content\/uploads\/2024\/06\/SJSK0679-300x226.jpg 300w, https:\/\/aiie.valahia.ro\/wp-content\/uploads\/2024\/06\/SJSK0679-768x578.jpg 768w, https:\/\/aiie.valahia.ro\/wp-content\/uploads\/2024\/06\/SJSK0679-1536x1156.jpg 1536w, https:\/\/aiie.valahia.ro\/wp-content\/uploads\/2024\/06\/SJSK0679-360x270.jpg 360w, https:\/\/aiie.valahia.ro\/wp-content\/uploads\/2024\/06\/SJSK0679.jpg 1600w\" sizes=\"auto, (max-width: 1024px) 100vw, 1024px\" \/><\/figure>\n<\/figure>\n","protected":false},"excerpt":{"rendered":"<p>Cea de-a V-a edi\u021bie a Sesiunii de Comunic\u0103ri \u0218tin\u021bifice Studen\u021be\u0219ti \u201dControl Automatizat \u0219i Informatic\u0103 Aplicat\u0103 \u00een procese de laborator \u0219i industriale\u201d \u2013 CAIA 2024, organizat\u0103 de Departamentul de Automatic\u0103, Informatic\u0103 \u0219i Inginerie Electric\u0103 (DAIIE) din Universitatea Valahia din T\u00e2rgovi\u0219te (UVT), <a href=\"https:\/\/aiie.valahia.ro\/index.php\/caia-2024\/\" class=\"read-more\">Cite\u0219te mai mult &#8230;<\/a><\/p>\n","protected":false},"author":1,"featured_media":0,"parent":0,"menu_order":0,"comment_status":"closed","ping_status":"closed","template":"","meta":{"footnotes":""},"class_list":["post-579","page","type-page","status-publish","hentry"],"_links":{"self":[{"href":"https:\/\/aiie.valahia.ro\/index.php\/wp-json\/wp\/v2\/pages\/579","targetHints":{"allow":["GET"]}}],"collection":[{"href":"https:\/\/aiie.valahia.ro\/index.php\/wp-json\/wp\/v2\/pages"}],"about":[{"href":"https:\/\/aiie.valahia.ro\/index.php\/wp-json\/wp\/v2\/types\/page"}],"author":[{"embeddable":true,"href":"https:\/\/aiie.valahia.ro\/index.php\/wp-json\/wp\/v2\/users\/1"}],"replies":[{"embeddable":true,"href":"https:\/\/aiie.valahia.ro\/index.php\/wp-json\/wp\/v2\/comments?post=579"}],"version-history":[{"count":10,"href":"https:\/\/aiie.valahia.ro\/index.php\/wp-json\/wp\/v2\/pages\/579\/revisions"}],"predecessor-version":[{"id":623,"href":"https:\/\/aiie.valahia.ro\/index.php\/wp-json\/wp\/v2\/pages\/579\/revisions\/623"}],"wp:attachment":[{"href":"https:\/\/aiie.valahia.ro\/index.php\/wp-json\/wp\/v2\/media?parent=579"}],"curies":[{"name":"wp","href":"https:\/\/api.w.org\/{rel}","templated":true}]}}