{"id":63,"date":"2019-11-17T12:13:31","date_gmt":"2019-11-17T12:13:31","guid":{"rendered":"https:\/\/aiie.valahia.ro\/?page_id=63"},"modified":"2026-03-03T13:04:57","modified_gmt":"2026-03-03T11:04:57","slug":"orare","status":"publish","type":"page","link":"https:\/\/aiie.valahia.ro\/index.php\/orare\/","title":{"rendered":"Orare"},"content":{"rendered":"\n<h3 class=\"wp-block-heading\" id=\"automatica-\u0219i-informatica-aplicata-lai\">Automatic\u0103 \u0219i informatic\u0103 aplicat\u0103 &#8211; LAI<\/h3>\n\n\n\n<figure class=\"wp-block-table\"><table><tbody><tr><td class=\"has-text-align-center\" data-align=\"center\"><a href=\"https:\/\/aiie.valahia.ro\/wp-content\/uploads\/2026\/02\/2025_2026_Orar_LAI1_S2.pdf\" target=\"_blank\" rel=\"noreferrer noopener\">Anul 1<\/a><\/td><td class=\"has-text-align-center\" data-align=\"center\"><a href=\"https:\/\/aiie.valahia.ro\/wp-content\/uploads\/2026\/02\/2025_2026_Orar_LAI2_S2.pdf\" target=\"_blank\" rel=\"noreferrer noopener\">Anul 2<\/a><\/td><td class=\"has-text-align-center\" data-align=\"center\"><a href=\"https:\/\/aiie.valahia.ro\/wp-content\/uploads\/2026\/02\/2025_2026_Orar_LAI3_S2.pdf\" target=\"_blank\" rel=\"noreferrer noopener\">Anul 3<\/a><\/td><td class=\"has-text-align-center\" data-align=\"center\"><a href=\"https:\/\/aiie.valahia.ro\/wp-content\/uploads\/2026\/02\/2025_2026_Orar_LAI4_S2.pdf\" target=\"_blank\" rel=\"noreferrer noopener\">Anul 4<\/a><\/td><\/tr><\/tbody><\/table><\/figure>\n\n\n\n<h3 class=\"wp-block-heading\" id=\"electrotehnica-let\">Electrotehnic\u0103 &#8211; LET<\/h3>\n\n\n\n<figure class=\"wp-block-table\"><table><tbody><tr><td class=\"has-text-align-center\" data-align=\"center\"><a href=\"https:\/\/aiie.valahia.ro\/wp-content\/uploads\/2026\/02\/2025_2026_Orar_LET1_S2.pdf\" target=\"_blank\" rel=\"noreferrer noopener\">Anul 1<\/a><\/td><td class=\"has-text-align-center\" data-align=\"center\"><a href=\"https:\/\/aiie.valahia.ro\/wp-content\/uploads\/2026\/02\/2025_2026_Orar_LET2_S2.pdf\" target=\"_blank\" rel=\"noreferrer noopener\">Anul 2<\/a><\/td><td class=\"has-text-align-center\" data-align=\"center\"><a href=\"https:\/\/aiie.valahia.ro\/wp-content\/uploads\/2026\/02\/2025_2026_Orar_LET3_S2.pdf\" target=\"_blank\" rel=\"noreferrer noopener\">Anul <\/a><a href=\"https:\/\/aiie.valahia.ro\/wp-content\/uploads\/2025\/02\/2024_2025_Orar_LET3_S2.pdf\" target=\"_blank\" rel=\"noreferrer noopener\">3<\/a><\/td><td class=\"has-text-align-center\" data-align=\"center\"><a href=\"https:\/\/aiie.valahia.ro\/wp-content\/uploads\/2026\/02\/2025_2026_Orar_LET4_S2.pdf\" target=\"_blank\" rel=\"noreferrer noopener\">Anul 4<\/a><\/td><\/tr><\/tbody><\/table><\/figure>\n\n\n\n<h3 class=\"wp-block-heading\" id=\"automatica-avansata-productica-\u0219i-informatica-industriala-mai\">Automatic\u0103 avansat\u0103, productic\u0103 \u0219i informatic\u0103 industrial\u0103 &#8211; MAI<\/h3>\n\n\n\n<figure class=\"wp-block-table\"><table><tbody><tr><td class=\"has-text-align-center\" data-align=\"center\"><a href=\"https:\/\/aiie.valahia.ro\/wp-content\/uploads\/2026\/02\/2025_2026_Orar_MAI1_S2.pdf\" target=\"_blank\" rel=\"noreferrer noopener\">Anul 1<\/a><\/td><td class=\"has-text-align-center\" data-align=\"center\">Anul 2<\/td><\/tr><\/tbody><\/table><\/figure>\n\n\n\n<h3 class=\"wp-block-heading\" id=\"sisteme-si-echipamente-moderne-in-producerea-si-utilizarea-energiei-mem\">Sisteme \u015fi echipamente moderne \u00een producerea \u015fi utilizarea energiei &#8211; MEM<\/h3>\n\n\n\n<figure class=\"wp-block-table\"><table><tbody><tr><td class=\"has-text-align-center\" data-align=\"center\"><a href=\"https:\/\/aiie.valahia.ro\/wp-content\/uploads\/2026\/02\/2025_2026_Orar_MEM1_S2.pdf\" target=\"_blank\" rel=\"noreferrer noopener\">Anul 1<\/a><\/td><td class=\"has-text-align-center\" data-align=\"center\">Anul 2<\/td><\/tr><\/tbody><\/table><\/figure>\n\n\n\n<p><a href=\"https:\/\/aiie.valahia.ro\/wp-content\/uploads\/2026\/03\/Consultatii-cadre-didactice-2025-2026-DAIIE_S2.pdf\" target=\"_blank\" rel=\"noreferrer noopener\">Orar de consulta\u021bii cadre didactice.<\/a><\/p>\n\n\n\n<p>** actualizate la 21 februarie 2026.<\/p>\n\n\n\n<p><\/p>\n","protected":false},"excerpt":{"rendered":"<p>Automatic\u0103 \u0219i informatic\u0103 aplicat\u0103 &#8211; LAI Anul 1 Anul 2 Anul 3 Anul 4 Electrotehnic\u0103 &#8211; LET Anul 1 Anul 2 Anul 3 Anul 4 Automatic\u0103 avansat\u0103, productic\u0103 \u0219i informatic\u0103 industrial\u0103 &#8211; MAI Anul 1 Anul 2 Sisteme \u015fi echipamente <a href=\"https:\/\/aiie.valahia.ro\/index.php\/orare\/\" class=\"read-more\">Cite\u0219te mai mult &#8230;<\/a><\/p>\n","protected":false},"author":1,"featured_media":0,"parent":0,"menu_order":0,"comment_status":"closed","ping_status":"closed","template":"","meta":{"footnotes":""},"class_list":["post-63","page","type-page","status-publish","hentry"],"_links":{"self":[{"href":"https:\/\/aiie.valahia.ro\/index.php\/wp-json\/wp\/v2\/pages\/63","targetHints":{"allow":["GET"]}}],"collection":[{"href":"https:\/\/aiie.valahia.ro\/index.php\/wp-json\/wp\/v2\/pages"}],"about":[{"href":"https:\/\/aiie.valahia.ro\/index.php\/wp-json\/wp\/v2\/types\/page"}],"author":[{"embeddable":true,"href":"https:\/\/aiie.valahia.ro\/index.php\/wp-json\/wp\/v2\/users\/1"}],"replies":[{"embeddable":true,"href":"https:\/\/aiie.valahia.ro\/index.php\/wp-json\/wp\/v2\/comments?post=63"}],"version-history":[{"count":33,"href":"https:\/\/aiie.valahia.ro\/index.php\/wp-json\/wp\/v2\/pages\/63\/revisions"}],"predecessor-version":[{"id":885,"href":"https:\/\/aiie.valahia.ro\/index.php\/wp-json\/wp\/v2\/pages\/63\/revisions\/885"}],"wp:attachment":[{"href":"https:\/\/aiie.valahia.ro\/index.php\/wp-json\/wp\/v2\/media?parent=63"}],"curies":[{"name":"wp","href":"https:\/\/api.w.org\/{rel}","templated":true}]}}