{"id":660,"date":"2024-06-17T12:34:29","date_gmt":"2024-06-17T09:34:29","guid":{"rendered":"https:\/\/aiie.valahia.ro\/?page_id=660"},"modified":"2024-06-17T13:19:21","modified_gmt":"2024-06-17T10:19:21","slug":"caia-2022","status":"publish","type":"page","link":"https:\/\/aiie.valahia.ro\/index.php\/caia-2022\/","title":{"rendered":"CAIA 2022"},"content":{"rendered":"\n<h1 class=\"wp-block-heading\"><a href=\"https:\/\/aiie.valahia.ro\/wp-admin\/edit.php?post_type=page\"><\/a><a href=\"https:\/\/aiie.valahia.ro\/index.php\/caia-2023\/\" target=\"_blank\" rel=\"noreferrer noopener\"><\/a><\/h1>\n\n\n\n<figure class=\"wp-block-image size-large is-resized\" id=\"block-1baa4d69-a758-4b35-b0b3-2ef00a04df3e\"><img loading=\"lazy\" decoding=\"async\" width=\"1024\" height=\"493\" src=\"https:\/\/aiie.valahia.ro\/wp-content\/uploads\/2024\/06\/caia-2022-1024x493.jpg\" alt=\"\" class=\"wp-image-664\" style=\"width:334px;height:auto\" srcset=\"https:\/\/aiie.valahia.ro\/wp-content\/uploads\/2024\/06\/caia-2022-1024x493.jpg 1024w, https:\/\/aiie.valahia.ro\/wp-content\/uploads\/2024\/06\/caia-2022-300x144.jpg 300w, https:\/\/aiie.valahia.ro\/wp-content\/uploads\/2024\/06\/caia-2022-768x370.jpg 768w, https:\/\/aiie.valahia.ro\/wp-content\/uploads\/2024\/06\/caia-2022-1536x739.jpg 1536w, https:\/\/aiie.valahia.ro\/wp-content\/uploads\/2024\/06\/caia-2022-360x173.jpg 360w, https:\/\/aiie.valahia.ro\/wp-content\/uploads\/2024\/06\/caia-2022.jpg 1600w\" sizes=\"auto, (max-width: 1024px) 100vw, 1024px\" \/><\/figure>\n\n\n\n<p id=\"block-d2252a3c-a654-4623-a03e-3fe48037484d\">Cea de-a III-a edi\u021bie a Sesiunii de Comunic\u0103ri \u0218tin\u021bifice Studen\u021be\u0219ti <strong>\u201dControl Automatizat \u0219i Informatic\u0103 Aplicat\u0103 \u00een procese de laborator \u0219i industriale\u201d \u2013 CAIA 2022<\/strong>, organizat\u0103 de Departamentul de Automatic\u0103, Informatic\u0103 \u0219i Inginerie Electric\u0103 (DAIIE) din Universitatea Valahia din T\u00e2rgovi\u0219te (UVT), este destinat\u0103 studen\u021bilor din ciclurile de licen\u021b\u0103, masterat \u0219i doctorat din domeniile: <strong>Ingineria Sistemelor<\/strong> \u0219i <strong>Inginerie Electric\u0103<\/strong>.<\/p>\n\n\n\n<p id=\"block-6f639b47-6c27-4e0e-9140-b6dcbf0d6619\">\u00cen cadrul manifest\u0103rii se vor prezenta lucr\u0103ri teoretice \u0219i practice din ariile tematice: automatiz\u0103ri ale proceselor industriale \u0219i de laborator, robotic\u0103,&nbsp;informatic\u0103 aplicat\u0103, inginerie electric\u0103 \u0219i surse regenerabile.<\/p>\n\n\n\n<p id=\"block-e7888cb2-860b-4c8c-8f63-da93627752c0\">Sesiunea de comunic\u0103ri \u0219tiin\u021bifice studen\u021be\u0219ti va include <strong>dou\u0103 sec\u021biuni principale<\/strong>: sec\u021biunea <strong>juniori <\/strong>(se adreseaz\u0103 studen\u021bilor din ciclul licen\u021b\u0103) \u0219i sec\u021biunea <strong>seniori <\/strong>(se adreseaz\u0103 studen\u021bilor din ciclul master\/doctorat). \u00cen cadrul fiec\u0103reia dintre cele dou\u0103 sec\u021biuni <strong>vor fi premiate cele mai bune lucr\u0103ri (trei per sec\u021biune)<\/strong>.<\/p>\n\n\n\n<p id=\"block-98c792e5-9468-49a7-894e-a3518ff74178\">Loca\u021bia: ICSTM, parter.<\/p>\n\n\n\n<p id=\"block-5208c5be-8e04-46ed-a7d1-e58e253855f1\">Data: 9-10 iunie, 2022, ora 10:00<\/p>\n\n\n\n<h2 class=\"wp-block-heading\" id=\"block-d0dd71a7-911d-4202-8c44-60e4d4fa8f1f\"><strong>Formular de \u00eenscriere<\/strong><\/h2>\n\n\n\n<p><a href=\"https:\/\/forms.gle\/Pv2w8T2Fvn2akWKBA\">https:\/\/forms.gle\/Pv2w8T2Fvn2akWKBA<\/a><\/p>\n\n\n\n<figure class=\"wp-block-image size-full is-resized\"><img loading=\"lazy\" decoding=\"async\" width=\"298\" height=\"298\" src=\"https:\/\/aiie.valahia.ro\/wp-content\/uploads\/2024\/06\/image-1.png\" alt=\"\" class=\"wp-image-662\" style=\"width:192px;height:auto\" srcset=\"https:\/\/aiie.valahia.ro\/wp-content\/uploads\/2024\/06\/image-1.png 298w, https:\/\/aiie.valahia.ro\/wp-content\/uploads\/2024\/06\/image-1-150x150.png 150w, https:\/\/aiie.valahia.ro\/wp-content\/uploads\/2024\/06\/image-1-270x270.png 270w\" sizes=\"auto, (max-width: 298px) 100vw, 298px\" \/><\/figure>\n\n\n\n<figure class=\"wp-block-image size-large\"><img loading=\"lazy\" decoding=\"async\" width=\"1024\" height=\"701\" src=\"https:\/\/aiie.valahia.ro\/wp-content\/uploads\/2024\/06\/image-2-1024x701.png\" alt=\"\" class=\"wp-image-663\" srcset=\"https:\/\/aiie.valahia.ro\/wp-content\/uploads\/2024\/06\/image-2-1024x701.png 1024w, https:\/\/aiie.valahia.ro\/wp-content\/uploads\/2024\/06\/image-2-300x205.png 300w, https:\/\/aiie.valahia.ro\/wp-content\/uploads\/2024\/06\/image-2-768x526.png 768w, https:\/\/aiie.valahia.ro\/wp-content\/uploads\/2024\/06\/image-2-360x246.png 360w, https:\/\/aiie.valahia.ro\/wp-content\/uploads\/2024\/06\/image-2.png 1420w\" sizes=\"auto, (max-width: 1024px) 100vw, 1024px\" \/><\/figure>\n\n\n\n<h2 class=\"wp-block-heading\" id=\"block-bd9640c9-6834-43ef-b62c-73da9c7fd0fa\"><strong>Domenii \u0219i direc\u021bii \u0219tiin\u021bifice<\/strong><\/h2>\n\n\n\n<div class=\"wp-block-columns is-layout-flex wp-container-core-columns-is-layout-9d6595d7 wp-block-columns-is-layout-flex\">\n<div class=\"wp-block-column is-layout-flow wp-block-column-is-layout-flow\" style=\"flex-basis:50%\">\n<div class=\"wp-block-group\"><div class=\"wp-block-group__inner-container is-layout-constrained wp-block-group-is-layout-constrained\">\n<p id=\"block-589c947d-ba75-49cb-a396-7657b421ef26\"># <em>Automatic\u0103<\/em><\/p>\n\n\n\n<ul class=\"wp-block-list\" id=\"block-8efab973-70e3-4345-bc66-2b624de7d800\">\n<li>Proiectarea sistemelor liniare \u0219i neliniare<\/li>\n\n\n\n<li>Controlul avansat al proceselor<\/li>\n\n\n\n<li>Robotic\u0103 \u0219i control inteligent<\/li>\n\n\n\n<li>Aplica\u021bii \u0219i studii de caz \u00een automatizare \u0219i robotic\u0103<\/li>\n\n\n\n<li>Sisteme integrate<\/li>\n\n\n\n<li>Aplica\u021bii de timp real<\/li>\n\n\n\n<li>Sisteme cu microprocesor<\/li>\n<\/ul>\n\n\n\n<p id=\"block-ac49a221-a0d6-4a56-8824-788991e558bc\"># <em>Informatic\u0103 Aplicat\u0103<\/em><\/p>\n\n\n\n<ul class=\"wp-block-list\" id=\"block-cced62a8-e6d2-44fe-b8aa-bfad254cf915\">\n<li>Inginerie Software<\/li>\n\n\n\n<li>Baze de date, programe \u0219i sisteme expert<\/li>\n\n\n\n<li>Servicii Web<\/li>\n\n\n\n<li>Securitatea sistemelor informatice<\/li>\n\n\n\n<li>Inteligen\u021b\u0103 artificial\u0103<\/li>\n\n\n\n<li>Realitate virtual\u0103 \u0219i realitate augmentat\u0103<\/li>\n<\/ul>\n<\/div><\/div>\n<\/div>\n\n\n\n<div class=\"wp-block-column is-layout-flow wp-block-column-is-layout-flow\" style=\"flex-basis:50%\">\n<div class=\"wp-block-group\"><div class=\"wp-block-group__inner-container is-layout-constrained wp-block-group-is-layout-constrained\">\n<p id=\"block-00f5b39b-fdeb-4623-b8cc-d53f33f4dfc5\"># <em>Tehnologii<\/em> <em>moderne \u00een ingineria electric\u0103<\/em><\/p>\n\n\n\n<ul class=\"wp-block-list\" id=\"block-d251800c-a94a-4e45-97ac-f3bcb41316d6\">\n<li>Convertoare electromecanice<\/li>\n\n\n\n<li>Echipamente \u0219i instala\u021bii electrice<\/li>\n\n\n\n<li>Ma\u0219ini electrice neconven\u021bionale<\/li>\n\n\n\n<li>Echipamente de comuta\u021bie inteligente<\/li>\n\n\n\n<li>Electrotehnologii<\/li>\n\n\n\n<li>Sisteme electroluminoase \u0219i iluminat electric<\/li>\n\n\n\n<li>Transmiterea wireless a energiei electromagnetice<\/li>\n\n\n\n<li>Modelarea electromagnetic\u0103 \u0219i termic\u0103&nbsp; a sistemelor electrice<\/li>\n<\/ul>\n\n\n\n<p id=\"block-04ccc26f-0112-4716-8efc-34cdc8c17f4b\"># <em>Generarea energiei electrice din surse regenerabile \u0219i nepoluante<\/em><\/p>\n\n\n\n<ul class=\"wp-block-list\" id=\"block-c891d0ba-3943-44ad-99ee-04ac8ca12e57\">\n<li>Surse regenerabile de energie<\/li>\n\n\n\n<li>Proiectarea sistemelor cu surse regenerabile<\/li>\n\n\n\n<li>Microtehnologii utilizate \u00een domeniul energiei solare<\/li>\n\n\n\n<li>Sisteme fotovoltaice<\/li>\n\n\n\n<li>Sisteme termoelectrice aplicate<\/li>\n<\/ul>\n<\/div><\/div>\n<\/div>\n<\/div>\n\n\n\n<div class=\"wp-block-columns is-layout-flex wp-container-core-columns-is-layout-9d6595d7 wp-block-columns-is-layout-flex\">\n<div class=\"wp-block-column is-layout-flow wp-block-column-is-layout-flow\" style=\"flex-basis:50%\">\n<div class=\"wp-block-group\"><div class=\"wp-block-group__inner-container is-layout-constrained wp-block-group-is-layout-constrained\">\n<h2 class=\"wp-block-heading\" id=\"block-6d6bdfc8-611e-4190-b76b-8ce52ea93f8d\"><strong>Comitetul \u0219tiin\u021bific<\/strong><\/h2>\n\n\n\n<ul class=\"wp-block-list\" id=\"block-bf38524f-54b8-499d-89ed-e505959eba41\">\n<li>Prof.dr.ing. Florin DRAGOMIR<\/li>\n\n\n\n<li>Prof.dr.ing. Lumini\u021ba DU\u021a\u0102<\/li>\n\n\n\n<li>Prof.dr.ing. Eugenia MINC\u0102<\/li>\n\n\n\n<li>Prof.dr.ing. Mihail-Florin STAN<\/li>\n\n\n\n<li>Conf.dr.ing. Mihai B\u00ceZOI<\/li>\n\n\n\n<li>Conf.dr.ing. Otilia Elena DRAGOMIR<\/li>\n\n\n\n<li>Conf.dr.ing. Adela Gabriela HUSU<\/li>\n\n\n\n<li>Conf.dr.ing. Paul Ciprian PATIC<\/li>\n\n\n\n<li>Conf.dr.ing. Ana Maria SUDUC<\/li>\n\n\n\n<li>Conf.dr.ing. Elena Otilia V\u00ceRJOGHE<\/li>\n\n\n\n<li>\u0218.l.dr.ing. Iulian B\u0102NCU\u021a\u0102<\/li>\n\n\n\n<li>\u0218.l.dr.ing. Lucia PASCALE<\/li>\n<\/ul>\n<\/div><\/div>\n<\/div>\n\n\n\n<div class=\"wp-block-column is-layout-flow wp-block-column-is-layout-flow\" style=\"flex-basis:50%\">\n<div class=\"wp-block-group\"><div class=\"wp-block-group__inner-container is-layout-constrained wp-block-group-is-layout-constrained\">\n<h2 class=\"wp-block-heading\" id=\"block-b2c67e04-658b-4188-b9ac-c91df379dc1f\"><strong>Comitetul de organizare<\/strong><\/h2>\n\n\n\n<ul class=\"wp-block-list\" id=\"block-4597ec92-b3da-482e-b30d-02c1af2fe543\">\n<li>Prof.dr.ing. Florin DRAGOMIR<\/li>\n\n\n\n<li>Conf.dr.ing. Mihai B\u00ceZOI<\/li>\n\n\n\n<li>Conf.dr.ing. Otilia Elena DRAGOMIR (ini\u0163iativ\u0103 \u015fi coordonare)<\/li>\n\n\n\n<li>Conf.dr.ing. Adela Gabriela HUSU<\/li>\n\n\n\n<li>Conf.dr.ing. Paul Ciprian PATIC<\/li>\n\n\n\n<li>Conf.dr.ing. Ana Maria SUDUC <\/li>\n\n\n\n<li>Conf.dr.ing. Elena Otilia V\u00ceRJOGHE<\/li>\n\n\n\n<li>\u0218.l.dr.ing. Iulian B\u0102NCU\u021a\u0102<\/li>\n\n\n\n<li>Stud. Diana-Mihaela IOSIF<\/li>\n\n\n\n<li>Stud. Rodica Ioana MARIN<\/li>\n<\/ul>\n<\/div><\/div>\n<\/div>\n<\/div>\n\n\n\n<h2 class=\"wp-block-heading\" id=\"block-46892b47-3f0d-4319-b37d-2fbc055fe74b\">Programul conferin\u021bei<\/h2>\n\n\n\n<p><\/p>\n\n\n\n<figure class=\"wp-block-gallery has-nested-images columns-default is-cropped wp-block-gallery-1 is-layout-flex wp-block-gallery-is-layout-flex\">\n<figure class=\"wp-block-image size-large\"><img loading=\"lazy\" decoding=\"async\" width=\"1024\" height=\"768\" data-id=\"700\" src=\"https:\/\/aiie.valahia.ro\/wp-content\/uploads\/2024\/06\/poza_16-1024x768.jpg\" alt=\"\" class=\"wp-image-700\" srcset=\"https:\/\/aiie.valahia.ro\/wp-content\/uploads\/2024\/06\/poza_16-1024x768.jpg 1024w, https:\/\/aiie.valahia.ro\/wp-content\/uploads\/2024\/06\/poza_16-300x225.jpg 300w, https:\/\/aiie.valahia.ro\/wp-content\/uploads\/2024\/06\/poza_16-768x576.jpg 768w, https:\/\/aiie.valahia.ro\/wp-content\/uploads\/2024\/06\/poza_16-1536x1152.jpg 1536w, https:\/\/aiie.valahia.ro\/wp-content\/uploads\/2024\/06\/poza_16-360x270.jpg 360w, https:\/\/aiie.valahia.ro\/wp-content\/uploads\/2024\/06\/poza_16.jpg 2000w\" sizes=\"auto, (max-width: 1024px) 100vw, 1024px\" \/><\/figure>\n\n\n\n<figure class=\"wp-block-image size-large\"><img loading=\"lazy\" decoding=\"async\" width=\"1024\" height=\"768\" data-id=\"701\" src=\"https:\/\/aiie.valahia.ro\/wp-content\/uploads\/2024\/06\/poza_18-1024x768.jpg\" alt=\"\" class=\"wp-image-701\" srcset=\"https:\/\/aiie.valahia.ro\/wp-content\/uploads\/2024\/06\/poza_18-1024x768.jpg 1024w, https:\/\/aiie.valahia.ro\/wp-content\/uploads\/2024\/06\/poza_18-300x225.jpg 300w, https:\/\/aiie.valahia.ro\/wp-content\/uploads\/2024\/06\/poza_18-768x576.jpg 768w, https:\/\/aiie.valahia.ro\/wp-content\/uploads\/2024\/06\/poza_18-1536x1152.jpg 1536w, https:\/\/aiie.valahia.ro\/wp-content\/uploads\/2024\/06\/poza_18-360x270.jpg 360w, https:\/\/aiie.valahia.ro\/wp-content\/uploads\/2024\/06\/poza_18.jpg 2000w\" sizes=\"auto, (max-width: 1024px) 100vw, 1024px\" \/><\/figure>\n\n\n\n<figure class=\"wp-block-image size-large\"><img loading=\"lazy\" decoding=\"async\" width=\"1024\" height=\"768\" data-id=\"702\" src=\"https:\/\/aiie.valahia.ro\/wp-content\/uploads\/2024\/06\/poza_25-1024x768.jpg\" alt=\"\" class=\"wp-image-702\" srcset=\"https:\/\/aiie.valahia.ro\/wp-content\/uploads\/2024\/06\/poza_25-1024x768.jpg 1024w, https:\/\/aiie.valahia.ro\/wp-content\/uploads\/2024\/06\/poza_25-300x225.jpg 300w, https:\/\/aiie.valahia.ro\/wp-content\/uploads\/2024\/06\/poza_25-768x576.jpg 768w, https:\/\/aiie.valahia.ro\/wp-content\/uploads\/2024\/06\/poza_25-1536x1152.jpg 1536w, https:\/\/aiie.valahia.ro\/wp-content\/uploads\/2024\/06\/poza_25-360x270.jpg 360w, https:\/\/aiie.valahia.ro\/wp-content\/uploads\/2024\/06\/poza_25.jpg 2000w\" sizes=\"auto, (max-width: 1024px) 100vw, 1024px\" \/><\/figure>\n<\/figure>\n\n\n\n<figure class=\"wp-block-gallery has-nested-images columns-default is-cropped wp-block-gallery-2 is-layout-flex wp-block-gallery-is-layout-flex\">\n<figure class=\"wp-block-image size-large\"><img loading=\"lazy\" decoding=\"async\" width=\"1024\" height=\"768\" data-id=\"703\" src=\"https:\/\/aiie.valahia.ro\/wp-content\/uploads\/2024\/06\/poza_23-1024x768.jpg\" alt=\"\" class=\"wp-image-703\" srcset=\"https:\/\/aiie.valahia.ro\/wp-content\/uploads\/2024\/06\/poza_23-1024x768.jpg 1024w, https:\/\/aiie.valahia.ro\/wp-content\/uploads\/2024\/06\/poza_23-300x225.jpg 300w, https:\/\/aiie.valahia.ro\/wp-content\/uploads\/2024\/06\/poza_23-768x576.jpg 768w, https:\/\/aiie.valahia.ro\/wp-content\/uploads\/2024\/06\/poza_23-1536x1152.jpg 1536w, https:\/\/aiie.valahia.ro\/wp-content\/uploads\/2024\/06\/poza_23-360x270.jpg 360w, https:\/\/aiie.valahia.ro\/wp-content\/uploads\/2024\/06\/poza_23.jpg 1600w\" sizes=\"auto, (max-width: 1024px) 100vw, 1024px\" \/><\/figure>\n\n\n\n<figure class=\"wp-block-image size-large\"><img loading=\"lazy\" decoding=\"async\" width=\"1024\" height=\"768\" data-id=\"704\" src=\"https:\/\/aiie.valahia.ro\/wp-content\/uploads\/2024\/06\/poza_29-1024x768.jpg\" alt=\"\" class=\"wp-image-704\" srcset=\"https:\/\/aiie.valahia.ro\/wp-content\/uploads\/2024\/06\/poza_29-1024x768.jpg 1024w, https:\/\/aiie.valahia.ro\/wp-content\/uploads\/2024\/06\/poza_29-300x225.jpg 300w, https:\/\/aiie.valahia.ro\/wp-content\/uploads\/2024\/06\/poza_29-768x576.jpg 768w, https:\/\/aiie.valahia.ro\/wp-content\/uploads\/2024\/06\/poza_29-1536x1152.jpg 1536w, https:\/\/aiie.valahia.ro\/wp-content\/uploads\/2024\/06\/poza_29-360x270.jpg 360w, https:\/\/aiie.valahia.ro\/wp-content\/uploads\/2024\/06\/poza_29.jpg 1600w\" sizes=\"auto, (max-width: 1024px) 100vw, 1024px\" \/><\/figure>\n\n\n\n<figure class=\"wp-block-image size-large\"><img loading=\"lazy\" decoding=\"async\" width=\"1024\" height=\"768\" data-id=\"706\" src=\"https:\/\/aiie.valahia.ro\/wp-content\/uploads\/2024\/06\/poza_22-1024x768.jpg\" alt=\"\" class=\"wp-image-706\" srcset=\"https:\/\/aiie.valahia.ro\/wp-content\/uploads\/2024\/06\/poza_22-1024x768.jpg 1024w, https:\/\/aiie.valahia.ro\/wp-content\/uploads\/2024\/06\/poza_22-300x225.jpg 300w, https:\/\/aiie.valahia.ro\/wp-content\/uploads\/2024\/06\/poza_22-768x576.jpg 768w, https:\/\/aiie.valahia.ro\/wp-content\/uploads\/2024\/06\/poza_22-1536x1152.jpg 1536w, https:\/\/aiie.valahia.ro\/wp-content\/uploads\/2024\/06\/poza_22-360x270.jpg 360w, https:\/\/aiie.valahia.ro\/wp-content\/uploads\/2024\/06\/poza_22.jpg 2000w\" sizes=\"auto, (max-width: 1024px) 100vw, 1024px\" \/><\/figure>\n<\/figure>\n\n\n\n<figure class=\"wp-block-gallery has-nested-images columns-default is-cropped wp-block-gallery-3 is-layout-flex wp-block-gallery-is-layout-flex\">\n<figure class=\"wp-block-image size-large\"><img loading=\"lazy\" decoding=\"async\" width=\"1024\" height=\"768\" data-id=\"707\" src=\"https:\/\/aiie.valahia.ro\/wp-content\/uploads\/2024\/06\/poza_19-1024x768.jpg\" alt=\"\" class=\"wp-image-707\" srcset=\"https:\/\/aiie.valahia.ro\/wp-content\/uploads\/2024\/06\/poza_19-1024x768.jpg 1024w, https:\/\/aiie.valahia.ro\/wp-content\/uploads\/2024\/06\/poza_19-300x225.jpg 300w, https:\/\/aiie.valahia.ro\/wp-content\/uploads\/2024\/06\/poza_19-768x576.jpg 768w, https:\/\/aiie.valahia.ro\/wp-content\/uploads\/2024\/06\/poza_19-1536x1152.jpg 1536w, https:\/\/aiie.valahia.ro\/wp-content\/uploads\/2024\/06\/poza_19-360x270.jpg 360w, https:\/\/aiie.valahia.ro\/wp-content\/uploads\/2024\/06\/poza_19.jpg 2048w\" sizes=\"auto, (max-width: 1024px) 100vw, 1024px\" \/><\/figure>\n\n\n\n<figure class=\"wp-block-image size-large\"><img loading=\"lazy\" decoding=\"async\" width=\"1024\" height=\"768\" data-id=\"708\" src=\"https:\/\/aiie.valahia.ro\/wp-content\/uploads\/2024\/06\/poza_17-1024x768.jpg\" alt=\"\" class=\"wp-image-708\" srcset=\"https:\/\/aiie.valahia.ro\/wp-content\/uploads\/2024\/06\/poza_17-1024x768.jpg 1024w, https:\/\/aiie.valahia.ro\/wp-content\/uploads\/2024\/06\/poza_17-300x225.jpg 300w, https:\/\/aiie.valahia.ro\/wp-content\/uploads\/2024\/06\/poza_17-768x576.jpg 768w, https:\/\/aiie.valahia.ro\/wp-content\/uploads\/2024\/06\/poza_17-1536x1152.jpg 1536w, https:\/\/aiie.valahia.ro\/wp-content\/uploads\/2024\/06\/poza_17-360x270.jpg 360w, https:\/\/aiie.valahia.ro\/wp-content\/uploads\/2024\/06\/poza_17.jpg 2000w\" sizes=\"auto, (max-width: 1024px) 100vw, 1024px\" \/><\/figure>\n\n\n\n<figure class=\"wp-block-image size-large\"><img loading=\"lazy\" decoding=\"async\" width=\"1024\" height=\"768\" data-id=\"709\" src=\"https:\/\/aiie.valahia.ro\/wp-content\/uploads\/2024\/06\/poza_27-1024x768.jpg\" alt=\"\" class=\"wp-image-709\" srcset=\"https:\/\/aiie.valahia.ro\/wp-content\/uploads\/2024\/06\/poza_27-1024x768.jpg 1024w, https:\/\/aiie.valahia.ro\/wp-content\/uploads\/2024\/06\/poza_27-300x225.jpg 300w, https:\/\/aiie.valahia.ro\/wp-content\/uploads\/2024\/06\/poza_27-768x576.jpg 768w, https:\/\/aiie.valahia.ro\/wp-content\/uploads\/2024\/06\/poza_27-1536x1152.jpg 1536w, https:\/\/aiie.valahia.ro\/wp-content\/uploads\/2024\/06\/poza_27-360x270.jpg 360w, https:\/\/aiie.valahia.ro\/wp-content\/uploads\/2024\/06\/poza_27.jpg 2000w\" sizes=\"auto, (max-width: 1024px) 100vw, 1024px\" \/><\/figure>\n<\/figure>\n","protected":false},"excerpt":{"rendered":"<p>Cea de-a III-a edi\u021bie a Sesiunii de Comunic\u0103ri \u0218tin\u021bifice Studen\u021be\u0219ti \u201dControl Automatizat \u0219i Informatic\u0103 Aplicat\u0103 \u00een procese de laborator \u0219i industriale\u201d \u2013 CAIA 2022, organizat\u0103 de Departamentul de Automatic\u0103, Informatic\u0103 \u0219i Inginerie Electric\u0103 (DAIIE) din Universitatea Valahia din T\u00e2rgovi\u0219te (UVT), <a href=\"https:\/\/aiie.valahia.ro\/index.php\/caia-2022\/\" class=\"read-more\">Cite\u0219te mai mult &#8230;<\/a><\/p>\n","protected":false},"author":1,"featured_media":0,"parent":0,"menu_order":0,"comment_status":"closed","ping_status":"closed","template":"","meta":{"footnotes":""},"class_list":["post-660","page","type-page","status-publish","hentry"],"_links":{"self":[{"href":"https:\/\/aiie.valahia.ro\/index.php\/wp-json\/wp\/v2\/pages\/660","targetHints":{"allow":["GET"]}}],"collection":[{"href":"https:\/\/aiie.valahia.ro\/index.php\/wp-json\/wp\/v2\/pages"}],"about":[{"href":"https:\/\/aiie.valahia.ro\/index.php\/wp-json\/wp\/v2\/types\/page"}],"author":[{"embeddable":true,"href":"https:\/\/aiie.valahia.ro\/index.php\/wp-json\/wp\/v2\/users\/1"}],"replies":[{"embeddable":true,"href":"https:\/\/aiie.valahia.ro\/index.php\/wp-json\/wp\/v2\/comments?post=660"}],"version-history":[{"count":7,"href":"https:\/\/aiie.valahia.ro\/index.php\/wp-json\/wp\/v2\/pages\/660\/revisions"}],"predecessor-version":[{"id":710,"href":"https:\/\/aiie.valahia.ro\/index.php\/wp-json\/wp\/v2\/pages\/660\/revisions\/710"}],"wp:attachment":[{"href":"https:\/\/aiie.valahia.ro\/index.php\/wp-json\/wp\/v2\/media?parent=660"}],"curies":[{"name":"wp","href":"https:\/\/api.w.org\/{rel}","templated":true}]}}