{"id":669,"date":"2024-06-17T12:32:39","date_gmt":"2024-06-17T09:32:39","guid":{"rendered":"https:\/\/aiie.valahia.ro\/?page_id=669"},"modified":"2024-06-17T12:50:49","modified_gmt":"2024-06-17T09:50:49","slug":"caia-2021","status":"publish","type":"page","link":"https:\/\/aiie.valahia.ro\/index.php\/caia-2021\/","title":{"rendered":"CAIA 2021"},"content":{"rendered":"\n<figure class=\"wp-block-image size-full is-resized\"><img loading=\"lazy\" decoding=\"async\" width=\"673\" height=\"330\" src=\"https:\/\/aiie.valahia.ro\/wp-content\/uploads\/2024\/06\/image-3.png\" alt=\"\" class=\"wp-image-671\" style=\"width:265px;height:auto\" srcset=\"https:\/\/aiie.valahia.ro\/wp-content\/uploads\/2024\/06\/image-3.png 673w, https:\/\/aiie.valahia.ro\/wp-content\/uploads\/2024\/06\/image-3-300x147.png 300w, https:\/\/aiie.valahia.ro\/wp-content\/uploads\/2024\/06\/image-3-360x177.png 360w\" sizes=\"auto, (max-width: 673px) 100vw, 673px\" \/><\/figure>\n\n\n\n<p class=\"has-text-align-left\">Cea de-<strong>a II-a edi\u021bie<\/strong> a Sesiunii de Comunic\u0103ri \u0218tin\u021bifice Studen\u021be\u0219ti <strong>\u201dControl Automatizat \u0219i Informatic\u0103 Aplicat\u0103 \u00een procese de laborator \u0219i industriale\u201d \u2013 CAIA 2021<\/strong>, organizat\u0103 de Departamentul de Automatic\u0103, Informatic\u0103 \u0219i Inginerie Electric\u0103 (DAIIE) din Universitatea Valahia din T\u00e2rgovi\u0219te (UVT), este destinat\u0103 studen\u021bilor din ciclurile de licen\u021b\u0103, masterat \u0219i doctorat din domeniile: <strong>Ingineria Sistemelor<\/strong> \u0219i <strong>Inginerie Electric\u0103<\/strong>.<\/p>\n\n\n\n<p class=\"has-text-align-left\">\u00cen cadrul manifest\u0103rii se vor prezenta lucr\u0103ri teoretice \u0219i practice din ariile tematice: automatiz\u0103ri ale proceselor industriale \u0219i de laborator, robotic\u0103,&nbsp;informatic\u0103 aplicat\u0103, inginerie electric\u0103 \u0219i surse regenerabile.<\/p>\n\n\n\n<p class=\"has-text-align-left\">Sesiunea de comunic\u0103ri \u0219tiin\u021bifice studen\u021be\u0219ti va include <strong>dou\u0103 sec\u021biuni principale<\/strong>: <\/p>\n\n\n\n<ul class=\"wp-block-list\">\n<li>sec\u021biunea <strong>juniori <\/strong>(se adreseaz\u0103 studen\u021bilor din ciclul licen\u021b\u0103)<\/li>\n\n\n\n<li>sec\u021biunea <strong>seniori <\/strong>(se adreseaz\u0103 studen\u021bilor din ciclul master\/doctorat)<\/li>\n<\/ul>\n\n\n\n<p class=\"has-text-align-left\">\u00cen cadrul fiec\u0103reia dintre cele dou\u0103 sec\u021biuni <strong>vor fi premiate cele mai bune lucr\u0103ri (trei per sec\u021biune)<\/strong>.<\/p>\n\n\n\n<p>Forme de prezentare a lucr\u0103rilor:<\/p>\n\n\n\n<ul class=\"wp-block-list\">\n<li>Prezentare oral\u0103 (juniori \u0219i seniori)<\/li>\n\n\n\n<li>Poster (seniori)<\/li>\n<\/ul>\n\n\n\n<p>Data: 14 iulie, 2021, ora 9:00<\/p>\n\n\n\n<p>Loca\u021bia: <a href=\"https:\/\/teams.microsoft.com\/l\/channel\/19%3ahaCUhfjPWI_iPByf0JjPlghEH2x3ChKZfRNhui k4de81%40thread.tacv2\/General?groupId=be701b9e-7513-4698-bb09- 6cb059bbe527&amp;tenantId=9e2ee2c0-d55f-4a8b-b3a7-93a1923da5e3\">online pe Microsoft Teams<\/a><\/p>\n\n\n\n<h2 class=\"wp-block-heading\"><strong>Formular de \u00eenscriere<\/strong><\/h2>\n\n\n\n<figure class=\"wp-block-image size-full is-resized\"><img loading=\"lazy\" decoding=\"async\" width=\"302\" height=\"302\" src=\"https:\/\/aiie.valahia.ro\/wp-content\/uploads\/2024\/06\/image-4.png\" alt=\"\" class=\"wp-image-672\" style=\"width:200px;height:auto\" srcset=\"https:\/\/aiie.valahia.ro\/wp-content\/uploads\/2024\/06\/image-4.png 302w, https:\/\/aiie.valahia.ro\/wp-content\/uploads\/2024\/06\/image-4-300x300.png 300w, https:\/\/aiie.valahia.ro\/wp-content\/uploads\/2024\/06\/image-4-150x150.png 150w, https:\/\/aiie.valahia.ro\/wp-content\/uploads\/2024\/06\/image-4-270x270.png 270w\" sizes=\"auto, (max-width: 302px) 100vw, 302px\" \/><\/figure>\n\n\n\n<h2 class=\"wp-block-heading\"><strong>Domenii \u0219i direc\u021bii \u0219tiin\u021bifice<\/strong><\/h2>\n\n\n\n<div class=\"wp-block-columns is-layout-flex wp-container-core-columns-is-layout-9d6595d7 wp-block-columns-is-layout-flex\">\n<div class=\"wp-block-column is-layout-flow wp-block-column-is-layout-flow\">\n<p># <em>Automatic\u0103<\/em><\/p>\n\n\n\n<ul class=\"wp-block-list\">\n<li>Proiectarea sistemelor liniare \u0219i neliniare<\/li>\n\n\n\n<li>Controlul avansat al proceselor<\/li>\n\n\n\n<li>Robotic\u0103 \u0219i control inteligent<\/li>\n\n\n\n<li>Aplica\u021bii \u0219i studii de caz \u00een automatizare \u0219i robotic\u0103<\/li>\n\n\n\n<li>Sisteme integrate<\/li>\n\n\n\n<li>Aplica\u021bii de timp real<\/li>\n\n\n\n<li>Sisteme cu microprocesor<\/li>\n<\/ul>\n\n\n\n<p># <em>Informatic\u0103 Aplicat\u0103<\/em><\/p>\n\n\n\n<ul class=\"wp-block-list\">\n<li>Inginerie Software<\/li>\n\n\n\n<li>Baze de date, programe \u0219i sisteme expert<\/li>\n\n\n\n<li>Servicii Web<\/li>\n\n\n\n<li>Securitatea sistemelor informatice<\/li>\n\n\n\n<li>Inteligen\u021b\u0103 artificial\u0103<\/li>\n\n\n\n<li>Realitate virtual\u0103 \u0219i realitate augmentat\u0103<\/li>\n<\/ul>\n<\/div>\n\n\n\n<div class=\"wp-block-column is-layout-flow wp-block-column-is-layout-flow\">\n<p># <em>Tehnologii<\/em> <em>moderne \u00een ingineria electric\u0103<\/em><\/p>\n\n\n\n<ul class=\"wp-block-list\">\n<li>Convertoare electromecanice<\/li>\n\n\n\n<li>Echipamente \u0219i instala\u021bii electrice<\/li>\n\n\n\n<li>Ma\u0219ini electrice neconven\u021bionale<\/li>\n\n\n\n<li>Echipamente de comuta\u021bie inteligente<\/li>\n\n\n\n<li>Electrotehnologii<\/li>\n\n\n\n<li>Sisteme electroluminoase \u0219i iluminat electric<\/li>\n\n\n\n<li>Transmiterea wireless a energiei electromagnetice<\/li>\n\n\n\n<li>Modelarea electromagnetic\u0103 \u0219i termic\u0103&nbsp; a sistemelor electrice<\/li>\n<\/ul>\n\n\n\n<p># <em>Generarea energiei electrice din surse regenerabile \u0219i nepoluante<\/em><\/p>\n\n\n\n<ul class=\"wp-block-list\">\n<li>Surse regenerabile de energie<\/li>\n\n\n\n<li>Proiectarea sistemelor cu surse regenerabile<\/li>\n\n\n\n<li>Microtehnologii utilizate \u00een domeniul energiei solare<\/li>\n\n\n\n<li>Sisteme fotovoltaice<\/li>\n\n\n\n<li>Sisteme termoelectrice aplicate<\/li>\n<\/ul>\n<\/div>\n<\/div>\n\n\n\n<div class=\"wp-block-columns is-layout-flex wp-container-core-columns-is-layout-9d6595d7 wp-block-columns-is-layout-flex\">\n<div class=\"wp-block-column is-layout-flow wp-block-column-is-layout-flow\" style=\"flex-basis:50%\">\n<div class=\"wp-block-group\"><div class=\"wp-block-group__inner-container is-layout-constrained wp-block-group-is-layout-constrained\">\n<h2 class=\"wp-block-heading\">Comitetul \u0219tiin\u021bific<\/h2>\n\n\n\n<ul class=\"wp-block-list\">\n<li>Prof. dr. ing. MINC\u0102 Eugenia<\/li>\n\n\n\n<li>Prof. dr. ing. STAN Mihail-Florin<\/li>\n\n\n\n<li>Prof. dr. ing. DRAGOMIR Florin<\/li>\n\n\n\n<li>Conf. dr. ing. V\u00ceRJOGHE Elena Otilia<\/li>\n\n\n\n<li>Conf. dr. ing. PATIC Paul Ciprian<\/li>\n\n\n\n<li>Conf. dr. ing. B\u00ceZOI Mihai<\/li>\n\n\n\n<li>Conf. dr. ing. DRAGOMIR Otilia Elena<\/li>\n\n\n\n<li>Conf. dr. ing. SUDUC Ana-Maria<\/li>\n\n\n\n<li>\u0218.l. dr. ing. PASCALE Lucia<\/li>\n\n\n\n<li>\u0218.l. dr. ing. B\u0102NCU\u021a\u0102 Iulian<\/li>\n<\/ul>\n<\/div><\/div>\n<\/div>\n\n\n\n<div class=\"wp-block-column is-layout-flow wp-block-column-is-layout-flow\" style=\"flex-basis:50%\">\n<div class=\"wp-block-group\"><div class=\"wp-block-group__inner-container is-layout-constrained wp-block-group-is-layout-constrained\">\n<h2 class=\"wp-block-heading\">Comitetul de organizare<\/h2>\n\n\n\n<ul class=\"wp-block-list\">\n<li>Conf. dr. ing. B\u00ceZOI Mihai \u2013 Coordonator<\/li>\n\n\n\n<li>Prof. dr. ing. DRAGOMIR Florin<\/li>\n\n\n\n<li>Conf. dr. ing. V\u00ceRJOGHE Elena Otilia<\/li>\n\n\n\n<li>Conf. dr. ing. DRAGOMIR Otilia Elena<\/li>\n\n\n\n<li>Conf. dr. ing. SUDUC Ana-Maria<\/li>\n\n\n\n<li>As. drd. ing. ISTUDOR Ion<\/li>\n<\/ul>\n<\/div><\/div>\n<\/div>\n<\/div>\n\n\n\n<h2 class=\"wp-block-heading\"><a href=\"https:\/\/aiie.valahia.ro\/wp-content\/uploads\/2024\/06\/Program-CAIA-2021.pdf\" target=\"_blank\" rel=\"noreferrer noopener\">Program CAIA 2021<\/a><\/h2>\n\n\n\n<h2 class=\"wp-block-heading\">Premii<\/h2>\n\n\n\n<div class=\"wp-block-columns is-layout-flex wp-container-core-columns-is-layout-9d6595d7 wp-block-columns-is-layout-flex\">\n<div class=\"wp-block-column is-layout-flow wp-block-column-is-layout-flow\">\n<h2 class=\"wp-block-heading\">Sec\u021biunea juniori<\/h2>\n\n\n\n<ul class=\"wp-block-list\">\n<li><strong>Premiul I &#8211; TELEAG\u0102 Bogdan Andrei<\/strong>, Electrotehnic\u0103, Anul IV, Lucrarea: Instala\u021bie de Anclan\u0219are Automat\u0103 a Rezervei (AAR) \u00een punctele de alimentare de medie tensiune<\/li>\n\n\n\n<li><strong>Premiul II &#8211; G\u00ceRBOVEANU R\u0103zvan<\/strong>, Automatic\u0103 \u0219i Informatic\u0103 Aplicat\u0103, Anul IV, Lucrarea: Proiectarea \u0219i implementarea unei re\u021bele de dispozitive IoT<\/li>\n\n\n\n<li><strong>Premiul III &#8211; TUDOR Alexandru-\u0218tefan<\/strong>, Automatic\u0103 \u0219i Informatic\u0103 Aplicat\u0103, Anul IV, Lucrarea: Platform\u0103 web pentru asistarea deciziilor \u00een procesul de alegere a specializ\u0103rii de admitere<\/li>\n<\/ul>\n<\/div>\n\n\n\n<div class=\"wp-block-column is-layout-flow wp-block-column-is-layout-flow\">\n<h2 class=\"wp-block-heading\">Sec\u021biunea seniori<\/h2>\n\n\n\n<ul class=\"wp-block-list\">\n<li><strong>Premiul I &#8211; <strong>P\u0102UN Marius-Adrian<\/strong><\/strong>, Automatic\u0103 Avansat\u0103, Productic\u0103 \u0219i Informatic\u0103 Aplicat\u0103, Anul I, Lucrarea: Abordarea sistemului de testare a calit\u0103\u021bii produselor sub forma unui senzor IoT integrat pe o linie flexibil\u0103 de fabrica\u021bie de laborator<\/li>\n\n\n\n<li><strong>Premiul II &#8211; <strong>BUIC\u0102 David<\/strong><\/strong>, Automatic\u0103 Avansat\u0103, Productic\u0103 \u0219i Informatic\u0103 Aplicat\u0103, Anul I, Lucrarea: Studii despre managementul energiei electrice \u00een SmartHome<\/li>\n\n\n\n<li><strong>Premiul III &#8211; <strong>OANCEA M\u0102D\u0102LIN<\/strong><\/strong>, Automatic\u0103 Avansat\u0103, Productic\u0103 \u015fi Informatic\u0103 Industrial\u0103, Anul II, Lucrarea: \u00cembun\u0103t\u0103\u021birea performan\u021bei unui proces automatizat<\/li>\n<\/ul>\n<\/div>\n<\/div>\n\n\n\n<figure class=\"wp-block-gallery has-nested-images columns-default is-cropped wp-block-gallery-1 is-layout-flex wp-block-gallery-is-layout-flex\">\n<figure class=\"wp-block-image size-large\"><img loading=\"lazy\" decoding=\"async\" width=\"1024\" height=\"576\" data-id=\"684\" src=\"https:\/\/aiie.valahia.ro\/wp-content\/uploads\/2024\/06\/IMG-20240617-WA0013-1024x576.jpg\" alt=\"\" class=\"wp-image-684\" srcset=\"https:\/\/aiie.valahia.ro\/wp-content\/uploads\/2024\/06\/IMG-20240617-WA0013-1024x576.jpg 1024w, https:\/\/aiie.valahia.ro\/wp-content\/uploads\/2024\/06\/IMG-20240617-WA0013-300x169.jpg 300w, https:\/\/aiie.valahia.ro\/wp-content\/uploads\/2024\/06\/IMG-20240617-WA0013-768x432.jpg 768w, https:\/\/aiie.valahia.ro\/wp-content\/uploads\/2024\/06\/IMG-20240617-WA0013-1536x864.jpg 1536w, https:\/\/aiie.valahia.ro\/wp-content\/uploads\/2024\/06\/IMG-20240617-WA0013-360x203.jpg 360w, https:\/\/aiie.valahia.ro\/wp-content\/uploads\/2024\/06\/IMG-20240617-WA0013.jpg 1600w\" sizes=\"auto, (max-width: 1024px) 100vw, 1024px\" \/><\/figure>\n\n\n\n<figure class=\"wp-block-image size-large\"><img loading=\"lazy\" decoding=\"async\" width=\"1024\" height=\"576\" data-id=\"685\" src=\"https:\/\/aiie.valahia.ro\/wp-content\/uploads\/2024\/06\/IMG-20240617-WA0012-1024x576.jpg\" alt=\"\" class=\"wp-image-685\" srcset=\"https:\/\/aiie.valahia.ro\/wp-content\/uploads\/2024\/06\/IMG-20240617-WA0012-1024x576.jpg 1024w, https:\/\/aiie.valahia.ro\/wp-content\/uploads\/2024\/06\/IMG-20240617-WA0012-300x169.jpg 300w, https:\/\/aiie.valahia.ro\/wp-content\/uploads\/2024\/06\/IMG-20240617-WA0012-768x432.jpg 768w, https:\/\/aiie.valahia.ro\/wp-content\/uploads\/2024\/06\/IMG-20240617-WA0012-1536x864.jpg 1536w, https:\/\/aiie.valahia.ro\/wp-content\/uploads\/2024\/06\/IMG-20240617-WA0012-360x203.jpg 360w, https:\/\/aiie.valahia.ro\/wp-content\/uploads\/2024\/06\/IMG-20240617-WA0012.jpg 1600w\" sizes=\"auto, (max-width: 1024px) 100vw, 1024px\" \/><\/figure>\n\n\n\n<figure class=\"wp-block-image size-large\"><img loading=\"lazy\" decoding=\"async\" width=\"1024\" height=\"576\" data-id=\"686\" src=\"https:\/\/aiie.valahia.ro\/wp-content\/uploads\/2024\/06\/IMG-20240617-WA0014-1024x576.jpg\" alt=\"\" class=\"wp-image-686\" srcset=\"https:\/\/aiie.valahia.ro\/wp-content\/uploads\/2024\/06\/IMG-20240617-WA0014-1024x576.jpg 1024w, https:\/\/aiie.valahia.ro\/wp-content\/uploads\/2024\/06\/IMG-20240617-WA0014-300x169.jpg 300w, https:\/\/aiie.valahia.ro\/wp-content\/uploads\/2024\/06\/IMG-20240617-WA0014-768x432.jpg 768w, https:\/\/aiie.valahia.ro\/wp-content\/uploads\/2024\/06\/IMG-20240617-WA0014-1536x864.jpg 1536w, https:\/\/aiie.valahia.ro\/wp-content\/uploads\/2024\/06\/IMG-20240617-WA0014-360x203.jpg 360w, https:\/\/aiie.valahia.ro\/wp-content\/uploads\/2024\/06\/IMG-20240617-WA0014.jpg 1600w\" sizes=\"auto, (max-width: 1024px) 100vw, 1024px\" \/><\/figure>\n<\/figure>\n\n\n\n<figure class=\"wp-block-gallery has-nested-images columns-default is-cropped wp-block-gallery-2 is-layout-flex wp-block-gallery-is-layout-flex\">\n<figure class=\"wp-block-image size-large\"><img loading=\"lazy\" decoding=\"async\" width=\"1024\" height=\"576\" data-id=\"687\" src=\"https:\/\/aiie.valahia.ro\/wp-content\/uploads\/2024\/06\/IMG-20240617-WA0014-1-1024x576.jpg\" alt=\"\" class=\"wp-image-687\" srcset=\"https:\/\/aiie.valahia.ro\/wp-content\/uploads\/2024\/06\/IMG-20240617-WA0014-1-1024x576.jpg 1024w, https:\/\/aiie.valahia.ro\/wp-content\/uploads\/2024\/06\/IMG-20240617-WA0014-1-300x169.jpg 300w, https:\/\/aiie.valahia.ro\/wp-content\/uploads\/2024\/06\/IMG-20240617-WA0014-1-768x432.jpg 768w, https:\/\/aiie.valahia.ro\/wp-content\/uploads\/2024\/06\/IMG-20240617-WA0014-1-1536x864.jpg 1536w, https:\/\/aiie.valahia.ro\/wp-content\/uploads\/2024\/06\/IMG-20240617-WA0014-1-360x203.jpg 360w, https:\/\/aiie.valahia.ro\/wp-content\/uploads\/2024\/06\/IMG-20240617-WA0014-1.jpg 1600w\" sizes=\"auto, (max-width: 1024px) 100vw, 1024px\" \/><\/figure>\n\n\n\n<figure class=\"wp-block-image size-large\"><img loading=\"lazy\" decoding=\"async\" width=\"1024\" height=\"576\" data-id=\"688\" src=\"https:\/\/aiie.valahia.ro\/wp-content\/uploads\/2024\/06\/IMG-20240617-WA0016-1024x576.jpg\" alt=\"\" class=\"wp-image-688\" srcset=\"https:\/\/aiie.valahia.ro\/wp-content\/uploads\/2024\/06\/IMG-20240617-WA0016-1024x576.jpg 1024w, https:\/\/aiie.valahia.ro\/wp-content\/uploads\/2024\/06\/IMG-20240617-WA0016-300x169.jpg 300w, https:\/\/aiie.valahia.ro\/wp-content\/uploads\/2024\/06\/IMG-20240617-WA0016-768x432.jpg 768w, https:\/\/aiie.valahia.ro\/wp-content\/uploads\/2024\/06\/IMG-20240617-WA0016-1536x864.jpg 1536w, https:\/\/aiie.valahia.ro\/wp-content\/uploads\/2024\/06\/IMG-20240617-WA0016-360x203.jpg 360w, https:\/\/aiie.valahia.ro\/wp-content\/uploads\/2024\/06\/IMG-20240617-WA0016.jpg 1600w\" sizes=\"auto, (max-width: 1024px) 100vw, 1024px\" \/><\/figure>\n\n\n\n<figure class=\"wp-block-image size-large\"><img loading=\"lazy\" decoding=\"async\" width=\"1024\" height=\"576\" data-id=\"689\" src=\"https:\/\/aiie.valahia.ro\/wp-content\/uploads\/2024\/06\/IMG-20240617-WA0017-1024x576.jpg\" alt=\"\" class=\"wp-image-689\" srcset=\"https:\/\/aiie.valahia.ro\/wp-content\/uploads\/2024\/06\/IMG-20240617-WA0017-1024x576.jpg 1024w, https:\/\/aiie.valahia.ro\/wp-content\/uploads\/2024\/06\/IMG-20240617-WA0017-300x169.jpg 300w, https:\/\/aiie.valahia.ro\/wp-content\/uploads\/2024\/06\/IMG-20240617-WA0017-768x432.jpg 768w, https:\/\/aiie.valahia.ro\/wp-content\/uploads\/2024\/06\/IMG-20240617-WA0017-1536x864.jpg 1536w, https:\/\/aiie.valahia.ro\/wp-content\/uploads\/2024\/06\/IMG-20240617-WA0017-360x203.jpg 360w, https:\/\/aiie.valahia.ro\/wp-content\/uploads\/2024\/06\/IMG-20240617-WA0017.jpg 1600w\" sizes=\"auto, (max-width: 1024px) 100vw, 1024px\" \/><\/figure>\n<\/figure>\n\n\n\n<figure class=\"wp-block-gallery has-nested-images columns-default is-cropped wp-block-gallery-3 is-layout-flex wp-block-gallery-is-layout-flex\">\n<figure class=\"wp-block-image size-large\"><img loading=\"lazy\" decoding=\"async\" width=\"1024\" height=\"576\" data-id=\"690\" src=\"https:\/\/aiie.valahia.ro\/wp-content\/uploads\/2024\/06\/IMG-20240617-WA0018-1024x576.jpg\" alt=\"\" class=\"wp-image-690\" srcset=\"https:\/\/aiie.valahia.ro\/wp-content\/uploads\/2024\/06\/IMG-20240617-WA0018-1024x576.jpg 1024w, https:\/\/aiie.valahia.ro\/wp-content\/uploads\/2024\/06\/IMG-20240617-WA0018-300x169.jpg 300w, https:\/\/aiie.valahia.ro\/wp-content\/uploads\/2024\/06\/IMG-20240617-WA0018-768x432.jpg 768w, https:\/\/aiie.valahia.ro\/wp-content\/uploads\/2024\/06\/IMG-20240617-WA0018-1536x864.jpg 1536w, https:\/\/aiie.valahia.ro\/wp-content\/uploads\/2024\/06\/IMG-20240617-WA0018-360x203.jpg 360w, https:\/\/aiie.valahia.ro\/wp-content\/uploads\/2024\/06\/IMG-20240617-WA0018.jpg 1600w\" sizes=\"auto, (max-width: 1024px) 100vw, 1024px\" \/><\/figure>\n\n\n\n<figure class=\"wp-block-image size-large\"><img loading=\"lazy\" decoding=\"async\" width=\"1024\" height=\"576\" data-id=\"691\" src=\"https:\/\/aiie.valahia.ro\/wp-content\/uploads\/2024\/06\/IMG-20240617-WA0021-1024x576.jpg\" alt=\"\" class=\"wp-image-691\" srcset=\"https:\/\/aiie.valahia.ro\/wp-content\/uploads\/2024\/06\/IMG-20240617-WA0021-1024x576.jpg 1024w, https:\/\/aiie.valahia.ro\/wp-content\/uploads\/2024\/06\/IMG-20240617-WA0021-300x169.jpg 300w, https:\/\/aiie.valahia.ro\/wp-content\/uploads\/2024\/06\/IMG-20240617-WA0021-768x432.jpg 768w, https:\/\/aiie.valahia.ro\/wp-content\/uploads\/2024\/06\/IMG-20240617-WA0021-1536x864.jpg 1536w, https:\/\/aiie.valahia.ro\/wp-content\/uploads\/2024\/06\/IMG-20240617-WA0021-360x203.jpg 360w, https:\/\/aiie.valahia.ro\/wp-content\/uploads\/2024\/06\/IMG-20240617-WA0021.jpg 1600w\" sizes=\"auto, (max-width: 1024px) 100vw, 1024px\" \/><\/figure>\n\n\n\n<figure class=\"wp-block-image size-large\"><img loading=\"lazy\" decoding=\"async\" width=\"1024\" height=\"576\" data-id=\"692\" src=\"https:\/\/aiie.valahia.ro\/wp-content\/uploads\/2024\/06\/IMG-20240617-WA0024-1024x576.jpg\" alt=\"\" class=\"wp-image-692\" srcset=\"https:\/\/aiie.valahia.ro\/wp-content\/uploads\/2024\/06\/IMG-20240617-WA0024-1024x576.jpg 1024w, https:\/\/aiie.valahia.ro\/wp-content\/uploads\/2024\/06\/IMG-20240617-WA0024-300x169.jpg 300w, https:\/\/aiie.valahia.ro\/wp-content\/uploads\/2024\/06\/IMG-20240617-WA0024-768x432.jpg 768w, https:\/\/aiie.valahia.ro\/wp-content\/uploads\/2024\/06\/IMG-20240617-WA0024-1536x864.jpg 1536w, https:\/\/aiie.valahia.ro\/wp-content\/uploads\/2024\/06\/IMG-20240617-WA0024-360x203.jpg 360w, https:\/\/aiie.valahia.ro\/wp-content\/uploads\/2024\/06\/IMG-20240617-WA0024.jpg 1600w\" sizes=\"auto, (max-width: 1024px) 100vw, 1024px\" \/><\/figure>\n<\/figure>\n","protected":false},"excerpt":{"rendered":"<p>Cea de-a II-a edi\u021bie a Sesiunii de Comunic\u0103ri \u0218tin\u021bifice Studen\u021be\u0219ti \u201dControl Automatizat \u0219i Informatic\u0103 Aplicat\u0103 \u00een procese de laborator \u0219i industriale\u201d \u2013 CAIA 2021, organizat\u0103 de Departamentul de Automatic\u0103, Informatic\u0103 \u0219i Inginerie Electric\u0103 (DAIIE) din Universitatea Valahia din T\u00e2rgovi\u0219te (UVT), <a href=\"https:\/\/aiie.valahia.ro\/index.php\/caia-2021\/\" class=\"read-more\">Cite\u0219te mai mult &#8230;<\/a><\/p>\n","protected":false},"author":1,"featured_media":0,"parent":0,"menu_order":0,"comment_status":"closed","ping_status":"closed","template":"","meta":{"footnotes":""},"class_list":["post-669","page","type-page","status-publish","hentry"],"_links":{"self":[{"href":"https:\/\/aiie.valahia.ro\/index.php\/wp-json\/wp\/v2\/pages\/669","targetHints":{"allow":["GET"]}}],"collection":[{"href":"https:\/\/aiie.valahia.ro\/index.php\/wp-json\/wp\/v2\/pages"}],"about":[{"href":"https:\/\/aiie.valahia.ro\/index.php\/wp-json\/wp\/v2\/types\/page"}],"author":[{"embeddable":true,"href":"https:\/\/aiie.valahia.ro\/index.php\/wp-json\/wp\/v2\/users\/1"}],"replies":[{"embeddable":true,"href":"https:\/\/aiie.valahia.ro\/index.php\/wp-json\/wp\/v2\/comments?post=669"}],"version-history":[{"count":9,"href":"https:\/\/aiie.valahia.ro\/index.php\/wp-json\/wp\/v2\/pages\/669\/revisions"}],"predecessor-version":[{"id":699,"href":"https:\/\/aiie.valahia.ro\/index.php\/wp-json\/wp\/v2\/pages\/669\/revisions\/699"}],"wp:attachment":[{"href":"https:\/\/aiie.valahia.ro\/index.php\/wp-json\/wp\/v2\/media?parent=669"}],"curies":[{"name":"wp","href":"https:\/\/api.w.org\/{rel}","templated":true}]}}