{"id":72,"date":"2019-11-17T12:21:27","date_gmt":"2019-11-17T12:21:27","guid":{"rendered":"https:\/\/aiie.valahia.ro\/?page_id=72"},"modified":"2024-06-17T11:44:23","modified_gmt":"2024-06-17T08:44:23","slug":"proiecte","status":"publish","type":"page","link":"https:\/\/aiie.valahia.ro\/index.php\/proiecte\/","title":{"rendered":"Proiecte"},"content":{"rendered":"\n<ul class=\"wp-block-list\">\n<li>Grant H2020, 872814 &#8211; CONNECT- H2020- SwafS-2018-2020 \/ H2020-SwafS- 2019-2-two-stage, (2020-2024), Connect &#8211; Inclusive open schooling through engaging and future-oriented science, Coordonator local: Conf. dr. ing. Mihai Bizoi<\/li>\n\n\n\n<li>Grant Erasmus+, 2017-1-DE0J- KA201-035615, (2017-2020), IoT in education &#8211; We are the makers!, Coordonator local: Conf. dr. ing. Ana- Maria Suduc<\/li>\n\n\n\n<li>Grant UEFISCDI, PN-III-P3-3.6-H2020-2020-0103, (2021 \u2013 2022) \u0218coal\u0103 deschis\u0103 incluziv\u0103 prin \u0219tiin\u021be captivante \u0219i orientate spre viitor\/ PN-III-P3-3.6-H2020-2020-0103, Director proiect: Conf. dr. ing. Mihai Bizoi<\/li>\n\n\n\n<li>Grant H2020, (2022 \u2013 2025), BioBeo &#8211; Innovative Education for the BioEconomy \/ 101059900, Coordonator local: Conf. dr. ing. Mihai Bizoi<\/li>\n\n\n\n<li>Grant Erasmus+, (2020 &#8211; 2023), Rain.Bow &#8211; Raise Against Intolerance. New Bridges On the Web\/ Nr. 612131-EPP-1-2019-1-IT-EPPKA3-IPI-SOC-IN, Coordonator local: Conf. dr. ing. Ana- Maria Suduc<\/li>\n\n\n\n<li>Grant AOSR, Ct. 201\/18.02.2022, (2022 &#8211; 2023) Sistem inteligent de management a energiei din surse regenerabile \u2013 SIMER, Director proiect: Conf.dr.ing. Otilia Dragomir<\/li>\n\n\n\n<li>Grant UEFISCDI, PN-Ill-P 1-1.2-PCCDI-2017-0290, (2018-2021), <em>Conducerea inteligent\u0103 \u0219i distribuit\u0103 a 3 sisteme autonome complexe integrate \u00een tehnologii emergente pentru asistare personal\u0103 medico-social\u0103 \u0219i deservire de linii de fabrica\u021bie flexibil\u0103 de precizie<\/em> CIDSACTEH, Responsabil UVT: Prof.dr.ing. Eugenia Minca<\/li>\n\n\n\n<li>Grant UEFISCDI, PN-III-P2- 2.1-BG-2016-0075, Ct. 62BG\/2016, (2016, 2018), <em>Sistem integrat pentru caracterizarea \u0219i evaluarea performantelor sistemelor fotovoltaice \u2013 SICEPV<\/em>, Director proiect: Conf.dr.ing. Florin Dragomir<\/li>\n\n\n\n<li>Grant UEFISCDI, PN-Ill-P2- 2.1-PED-2016-1675, Ct. 132PED\/2017, (2017-2018), Sistem microrobotic mobil pentru manipularea \/ sortarea de organisme unicelulare \u2013 RoBoCell, Director proiect: Conf.dr.ing. Florin Dragomir<\/li>\n<\/ul>\n","protected":false},"excerpt":{"rendered":"","protected":false},"author":1,"featured_media":0,"parent":0,"menu_order":0,"comment_status":"closed","ping_status":"closed","template":"","meta":{"footnotes":""},"class_list":["post-72","page","type-page","status-publish","hentry"],"_links":{"self":[{"href":"https:\/\/aiie.valahia.ro\/index.php\/wp-json\/wp\/v2\/pages\/72","targetHints":{"allow":["GET"]}}],"collection":[{"href":"https:\/\/aiie.valahia.ro\/index.php\/wp-json\/wp\/v2\/pages"}],"about":[{"href":"https:\/\/aiie.valahia.ro\/index.php\/wp-json\/wp\/v2\/types\/page"}],"author":[{"embeddable":true,"href":"https:\/\/aiie.valahia.ro\/index.php\/wp-json\/wp\/v2\/users\/1"}],"replies":[{"embeddable":true,"href":"https:\/\/aiie.valahia.ro\/index.php\/wp-json\/wp\/v2\/comments?post=72"}],"version-history":[{"count":3,"href":"https:\/\/aiie.valahia.ro\/index.php\/wp-json\/wp\/v2\/pages\/72\/revisions"}],"predecessor-version":[{"id":655,"href":"https:\/\/aiie.valahia.ro\/index.php\/wp-json\/wp\/v2\/pages\/72\/revisions\/655"}],"wp:attachment":[{"href":"https:\/\/aiie.valahia.ro\/index.php\/wp-json\/wp\/v2\/media?parent=72"}],"curies":[{"name":"wp","href":"https:\/\/api.w.org\/{rel}","templated":true}]}}